{"id":8865,"date":"2025-11-03T22:42:57","date_gmt":"2025-11-04T03:42:57","guid":{"rendered":"https:\/\/emersonavenuesalons.com\/?page_id=8865"},"modified":"2025-11-17T13:55:27","modified_gmt":"2025-11-17T18:55:27","slug":"2025-11-02-carlos-rodriguez-peter-burroughs","status":"publish","type":"page","link":"https:\/\/emersonavenuesalons.com\/?page_id=8865","title":{"rendered":"Salonline 2025-11-02 Carlos Rodriguez &amp; Peter Burroughs"},"content":{"rendered":"\n<p class=\"has-text-align-center has-dark-gray-color has-white-background-color has-text-color has-background\"><a class=\"maxbutton-9 maxbutton maxbutton-button-5b\" title=\"Click to donate (100% Matched!)\" href=\"https:\/\/emersonavenuesalons.com\/?page_id=5466\"><span class='mb-text'>DONATE!<\/span><\/a> <a class=\"maxbutton-5 maxbutton maxbutton-button-5-text\" title=\"Click to Watch Salonline\" href=\"https:\/\/youtube.com\/live\/N7uN_6oAD6M?feature=share\"><span class='mb-text'>Watch Salonline<\/span><\/a> <a class=\"maxbutton-8 maxbutton maxbutton-button-5a\" title=\"Click to see Older Salonlines\" href=\"https:\/\/emersonavenuesalons.com\/?page_id=189\"><span class='mb-text'>Previous Salonlines<\/span><\/a><\/p>\n\n\n\n<h1 class=\"wp-block-heading has-text-align-center has-text-color has-link-color wp-elements-29d37dcecdfe727d0fbbe42c1d30d76c\" style=\"color:#000000\">Sunday, November 2, 2025<\/h1>\n\n\n\n<p class=\"has-text-align-center has-text-color\" style=\"color:#f30000\">&#8212; a &#8220;hybrid&#8221; event &#8212;<\/p>\n\n\n\n<p class=\"has-text-align-center has-text-color has-link-color has-medium-font-size wp-elements-74544136afa601f05bb8d1c11273d26b\" style=\"color:#060606\">(due to illness, a change-of-plan&#8230;)<\/p>\n\n\n\n<p class=\"has-text-align-center has-text-color has-link-color has-x-large-font-size wp-elements-39497a82bfb3efcd29bdc1fe339ff7a0\" style=\"color:#8426a6\"><strong>Carlos Cesar Rodriguez<\/strong><\/p>\n\n\n\n<p class=\"has-text-align-center has-dark-gray-color has-text-color has-link-color has-medium-font-size wp-elements-b0e32c8227ca2fef3e98b512b5b9112d\"><strong>Piano, and<\/strong><\/p>\n\n\n\n<p class=\"has-text-align-center has-text-color has-link-color has-x-large-font-size wp-elements-0d1a8c14ee0c9677036ecd2a71260d10\" style=\"color:#8426a6\"><strong>Peter Joshua Burroughs<\/strong><\/p>\n\n\n\n<p class=\"has-text-align-center has-dark-gray-color has-text-color has-link-color has-medium-font-size wp-elements-3af6d1a8b0c088a7644f0c0891ad7d9a\"><strong>Tenor<\/strong><\/p>\n\n\n\n<p class=\"has-text-align-center has-text-color has-link-color has-x-large-font-size wp-elements-52bb3a157a0772b588b372eb232686e2\" style=\"color:#57822c\"><strong>IMPROV AND SONG!<\/strong><\/p>\n\n\n<div class=\"wp-block-image\">\n<figure class=\"aligncenter size-full\"><a href=\"https:\/\/emersonavenuesalons.com\/wp-content\/uploads\/2025\/11\/Carlos-Cesar-Rodrigues-Peter-Joshua-Burroughs.jpg\"><img loading=\"lazy\" decoding=\"async\" width=\"640\" height=\"410\" src=\"https:\/\/emersonavenuesalons.com\/wp-content\/uploads\/2025\/11\/Carlos-Cesar-Rodrigues-Peter-Joshua-Burroughs.jpg\" alt=\"\" class=\"wp-image-8860\" srcset=\"https:\/\/emersonavenuesalons.com\/wp-content\/uploads\/2025\/11\/Carlos-Cesar-Rodrigues-Peter-Joshua-Burroughs.jpg 640w, https:\/\/emersonavenuesalons.com\/wp-content\/uploads\/2025\/11\/Carlos-Cesar-Rodrigues-Peter-Joshua-Burroughs-300x192.jpg 300w, https:\/\/emersonavenuesalons.com\/wp-content\/uploads\/2025\/11\/Carlos-Cesar-Rodrigues-Peter-Joshua-Burroughs-624x400.jpg 624w\" sizes=\"auto, (max-width: 640px) 100vw, 640px\" \/><\/a><\/figure>\n<\/div>\n\n\n<p class=\"has-text-align-center has-medium-font-size\">Pianist Carlos Cesar Rodriguez improvises a Grand Piano Sonata quasi fantasia based on themes from the audience and then teams up with Tenor Peter Joshua Burroughs in an eclectic mix of musical delights &#8211; from tango to Gershwin !<br><\/p>\n\n\n\n<p class=\"has-text-align-center has-x-large-font-size\"><strong>BIOGRAPHY<\/strong><\/p>\n\n\n\n<p class=\"has-drop-cap has-medium-font-size\">Acclaimed by the Washington Post as a \u201cvirtuoso\u2026. powerful \u2026masterful\u2026 pianist\u2026as compelling to watch as he is to hear\u2026\u201d, <strong>Carlos C\u00e9sar Rodr\u00edguez<\/strong> is a musician of great brilliance and versatility. He has gained recognition as a virtuoso pianist who not only generates excitement in the Hispanic and Spanish repertoire but also displays an extraordinary flair for Mozart, the Romantics and the Avant- garde scores. He has recorded for Omicron and Brioso labels and has won the highest critical acclaim for his CD of Spanish music, Espa\u00f1a en el coraz\u00f3n, distributed by Brioso Recordings. At home on early instruments as well, he has enjoyed entr\u00e9e to the Smithsonian Institution\u2019s rare collection, Mr. Rodr\u00edguez was chosen by the Smithsonian to perform during the 300 th year celebration of the<br>Piano by the museum. He was also invited to participate in the 150 th anniversary celebration of the Smithsonian Institution. Mr. Rodr\u00edguez has won acclaim as music director of Mozart operas and<br>Zarzuelas (Spanish operas), and as a composer, arranger, and improviser of ballets, Spanish dance scores, and Latin-Jazz\/Pop compositions.<\/p>\n\n\n\n<p class=\"has-medium-font-size\">As concert-pianist Carlos C\u00e9sar Rodr\u00edguez made his recital debut in his native Venezuela at age 5 and made his orchestral debut as soloist at age 11. Soon after he arrived in the United States to continue his music studies, Mr. Rodr\u00edguez was a finalist in the New York Philharmonic Young People\u2019s Competition. At age 21 he made his Weill Recital Hall at Carnegie Hall debut. As concert-artist he has toured Europe and performed concerti and solo recitals throughout the Americas. Venues in which Mr. Rodr\u00edguez has performed include the John F. Kennedy Center; the White House; and the Corcoran Gallery, and National Gallery of Arts in Washington, DC; Merkin Hall, Carnegie Hall, the Americas Society, 92 nd Y in New York; and the Mozarteum in Salzburg, Austria.<\/p>\n\n\n\n<p class=\"has-medium-font-size\"><br>As chamber music artist Mr. Rodr\u00edguez has been guest artist with the Garth Newell Chamber Music Festival and is a frequent guest artist of the National Chamber Ensemble. As collaborative artist he has worked with Denyce Graves, Jessye Norman and Pl\u00e1cido Domingo.<\/p>\n\n\n\n<p class=\"has-medium-font-size\">As conductor, Carlos C\u00e9sar Rodr\u00edguez has performed throughout the Americas. In 2005 he was chosen as award recipient of the prestigious Georg Solti Foundation US fellowship for outstanding young conductors. With the encouragement and collaboration of Maestro Pl\u00e1cido Domingo Mr. Rodr\u00edguez became founder and coordinator of the Zarzuela Program (Spanish Operetta) for the Domingo-Cafritz Young Artist Program with Washington National Opera in 2002. In addition he continues to be sought after as music director\/conductor of Zarzuela Productions and of Spanish operas in the USA and the Americas.<\/p>\n\n\n\n<p class=\"has-medium-font-size\">Mr. Rodr\u00edguez earned his Bachelor\u2019s degree with Clifton Matthews (Mr. Rodriguez\u2019 mentor) from the University of North Carolina School of the Arts, his Master\u2019s degree from the Juilliard School of Music with Joseph Kalichstein, and his Doctor of Musical Arts degree, conferred summa cum laude, with Thomas Schumacher at the University of Maryland, College Park.<\/p>\n\n\n\n<p class=\"has-medium-font-size\">Mr. Rodr\u00edguez is the Founding Artistic Director of R\u00d3MEZ3arts (building community and inter-cultural awareness though music to Engage, Enrich and Empower ) that developed inter-cultural exchanges in Cuba and Costa Rica between 2016 and the present. He toured as Pianist in Poland, Italy, NYC, and Montreal, performing the music of Chopin, with The Isadora Duncan International Institute. He continues to be Music Director for WORD Dance Theatre, appeared with them at the Kennedy Center\u2019s REACH in 2020 In MOVE! for the 100th anniversary of Women\u2019s Suffrage and will appear with them again March 10, 2023 on the Intersections Festival in a new Realization of MOVE! He is a member of Levine Music in Washington, DC.<\/p>\n\n\n\n<p class=\"has-drop-cap has-medium-font-size\"><strong>Peter Joshua Burroughs<\/strong>, tenor \u2013 Critically acclaimed as a versatile singing actor, tenor Peter Joshua Burroughs\u2019 career encompasses opera, oratorio, musical theatre and even Shakespeare! As recitalist Mr. Burroughs has been hailed intimate and engaging, with solo recital repertoire ranging from classic lieder to Spanish and Latin American dance music. His seven year association with Spanish Dance Society led him to perform with Spanish Dance Theatre, USA in Beyond Flamenco at London\u2019s Covent Garden. With Festa Della Voce he has performed in recitals of the music of Schubert, Schumann, Barber, and most recently the music of Spanish composers.<\/p>\n\n\n\n<p class=\"has-medium-font-size\">His 1999 Washington Opera debut was as Ezekiel Cheever in <em>The Crucible<\/em>. Since then he has appeared as Don Curzio in <em>Le Nozze di Figaro<\/em>, Trojan\/Cretan Man in <em>Idomeneo<\/em> (starring Placido Domingo), and First Prisoner in <em>Fidelio<\/em>. This season he will appear as Lamplighter in <em>Manon Lescaut<\/em> (starring Veronica Villarroel). Mr Burroughs has also appeared with the Florentine Opera Company, The Washington Savoyards, the IN Series, Signature Theatre, First Stage Milwaukee, the Shakespeare Theatre, Gallaudet Theatre, as well as <em>Staged Readings of Pope Joan<\/em> by John Musto and <em>Las Bodas de Salsipuedes<\/em> by Daniel Catan with Maryland Opera Studio. Recent engagements include Pedrillo in <em>Abduction from the Seraglio<\/em> with the IN Series, as well as recital appearances in Vermont and the Washington DC area.<\/p>\n\n\n\n<p class=\"has-text-align-center has-medium-font-size\">Visit his <a href=\"http:\/\/www.peterjoshuaburroughs.com\/\" target=\"_blank\" rel=\"noreferrer noopener\">website<\/a> for more information.<\/p>\n\n\n\n<hr class=\"wp-block-separator has-alpha-channel-opacity\"\/>\n\n\n\n<p class=\"has-text-align-center has-medium-font-size\">If you&#8217;d like to receive Emerson Avenue Salon invitations, you can add yourself to the invitation list <a href=\"https:\/\/emersonavenuesalons.com\/?page_id=1212\">HERE<\/a>.<\/p>\n","protected":false},"excerpt":{"rendered":"<p>Sunday, November 2, 2025 &#8212; a &#8220;hybrid&#8221; event &#8212; (due to illness, a change-of-plan&#8230;) Carlos Cesar Rodriguez Piano, and Peter Joshua Burroughs Tenor IMPROV AND SONG! Pianist Carlos Cesar Rodriguez improvises a Grand Piano Sonata quasi fantasia based on themes from the audience and then teams up with Tenor Peter Joshua Burroughs in an eclectic [&hellip;]<\/p>\n","protected":false},"author":1,"featured_media":0,"parent":0,"menu_order":0,"comment_status":"closed","ping_status":"closed","template":"","meta":{"footnotes":""},"class_list":["post-8865","page","type-page","status-publish","hentry"],"_links":{"self":[{"href":"https:\/\/emersonavenuesalons.com\/index.php?rest_route=\/wp\/v2\/pages\/8865","targetHints":{"allow":["GET"]}}],"collection":[{"href":"https:\/\/emersonavenuesalons.com\/index.php?rest_route=\/wp\/v2\/pages"}],"about":[{"href":"https:\/\/emersonavenuesalons.com\/index.php?rest_route=\/wp\/v2\/types\/page"}],"author":[{"embeddable":true,"href":"https:\/\/emersonavenuesalons.com\/index.php?rest_route=\/wp\/v2\/users\/1"}],"replies":[{"embeddable":true,"href":"https:\/\/emersonavenuesalons.com\/index.php?rest_route=%2Fwp%2Fv2%2Fcomments&post=8865"}],"version-history":[{"count":2,"href":"https:\/\/emersonavenuesalons.com\/index.php?rest_route=\/wp\/v2\/pages\/8865\/revisions"}],"predecessor-version":[{"id":8909,"href":"https:\/\/emersonavenuesalons.com\/index.php?rest_route=\/wp\/v2\/pages\/8865\/revisions\/8909"}],"wp:attachment":[{"href":"https:\/\/emersonavenuesalons.com\/index.php?rest_route=%2Fwp%2Fv2%2Fmedia&parent=8865"}],"curies":[{"name":"wp","href":"https:\/\/api.w.org\/{rel}","templated":true}]}}