{"id":8410,"date":"2025-06-02T22:31:20","date_gmt":"2025-06-03T02:31:20","guid":{"rendered":"https:\/\/emersonavenuesalons.com\/?page_id=8410"},"modified":"2025-06-23T20:31:14","modified_gmt":"2025-06-24T00:31:14","slug":"2025-06-01-bluestone-strings","status":"publish","type":"page","link":"https:\/\/emersonavenuesalons.com\/?page_id=8410","title":{"rendered":"Salonline 2025-06-01 Bluestone Strings"},"content":{"rendered":"\n<p class=\"has-text-align-center has-dark-gray-color has-white-background-color has-text-color has-background\"><a class=\"maxbutton-9 maxbutton maxbutton-button-5b\" title=\"Click to donate (100% Matched!)\" href=\"https:\/\/emersonavenuesalons.com\/?page_id=5466\"><span class='mb-text'>DONATE!<\/span><\/a> <a class=\"maxbutton-8 maxbutton maxbutton-button-5a\" title=\"Click to Watch Salonline\" href=\"https:\/\/youtube.com\/live\/UkYhn4H5kyE?feature=share\"><span class='mb-text'>Watch Salonline<\/span><\/a> <a class=\"maxbutton-8 maxbutton maxbutton-button-5a\" title=\"Click to see Older Salonlines\" href=\"https:\/\/emersonavenuesalons.com\/?page_id=189\"><span class='mb-text'>Previous Salonlines<\/span><\/a><\/p>\n\n\n\n<h1 class=\"wp-block-heading has-text-align-center has-text-color has-link-color wp-elements-4058648133436ae48ee1683bd48efd32\" style=\"color:#000000\">Sunday, June 1, 2025<\/h1>\n\n\n\n<p class=\"has-text-align-center has-text-color\" style=\"color:#f30000\">&#8212; a &#8220;hybrid&#8221; event &#8212;<\/p>\n\n\n\n<p class=\"has-text-align-center has-text-color has-link-color has-x-large-font-size wp-elements-1082742b0db712c0320513aa2654babb\" style=\"color:#312d97\"><strong>Bluestone <\/strong><strong>Strings<\/strong><\/p>\n\n\n\n<p class=\"has-text-align-center has-dark-gray-color has-text-color has-link-color has-medium-font-size wp-elements-19f3369b33784e9b713341f8aec95d82\"><strong>Benjamin Scott, violin<br>Regino Madrid, violin<br>Lauren Scott, viola<br>Chen Chen, cello<\/strong><\/p>\n\n\n\n<p class=\"has-text-align-center has-text-color has-link-color has-large-font-size wp-elements-a9b322ac51abde32e74e91aa852501d9\" style=\"color:#367626\"><strong>Harmonies Under Hapsburgs<\/strong><\/p>\n\n\n<div class=\"wp-block-image\">\n<figure class=\"aligncenter size-full\"><a href=\"https:\/\/emersonavenuesalons.com\/wp-content\/uploads\/2025\/05\/Benjamin-Lauren-Ellis-Scott-Regino-Madrin-Chen-Chen.gif\"><img loading=\"lazy\" decoding=\"async\" width=\"640\" height=\"360\" src=\"https:\/\/emersonavenuesalons.com\/wp-content\/uploads\/2025\/05\/Benjamin-Lauren-Ellis-Scott-Regino-Madrin-Chen-Chen.gif\" alt=\"\" class=\"wp-image-8387\"\/><\/a><\/figure>\n<\/div>\n\n\n<p class=\"has-text-align-center has-medium-font-size\">Life was not all sunshine and roses during the vast Habsburg reign, but quite a few musicians found their homes absorbed by the Austro-Hungarian Empire. Haydn lived most of his life in Austria working for Hungarian nobility and eventually composing for a Prussian prince. Dvorak felt regular pressure to internalize the music of his Bohemian homeland and was all too aware of the Habsburg condescension of all things Czech. Haydn and Dvorak enjoyed thriving careers amidst strong political power, and we&#8217;ve selected works from their middle age and middle oeuvre for tonight&#8217;s concert.<\/p>\n\n\n\n<p class=\"has-text-align-center has-x-large-font-size\"><strong>Program<\/strong><\/p>\n\n\n\n<p class=\"has-text-align-center has-medium-font-size\"><br><strong>Franz Joseph Haydn<\/strong> 1732-1809<br>String Quartet in C Major, Op. 50 No. 2<\/p>\n\n\n\n<p class=\"has-text-align-center has-medium-font-size\">Vivace<br>Adagio cantabile<br>Menuetto: Allegretto<br>Finale: vivace assai<\/p>\n\n\n\n<p class=\"has-text-align-center has-medium-font-size\"><strong>Anton\u00edn Dvo\u0159\u00e1k<\/strong> 1841-1904<br>String Quartet No. 10 in E\u266d major, Op. 51<\/p>\n\n\n\n<p class=\"has-text-align-center has-medium-font-size\">&nbsp;&nbsp; Allegro ma non troppo<br>Dumka: Andante con moto &#8211; Vivace<br>Romanza: Andante con moto<br>Finale: Allegro assai<\/p>\n\n\n\n<p class=\"has-text-align-center has-large-font-size\"><strong>BIOGRAPHY<\/strong><\/p>\n\n\n\n<p class=\"has-drop-cap has-medium-font-size\">The third NSO Youth Fellow to join the National Symphony Orchestra, violinist <strong>Benjamin Scott<\/strong> holds bachelor&#8217;s and master&#8217;s degrees from the New England Conservatory. Upon conclusion of his fellowship with the New World Symphony, he performed regularly with the Pittsburgh Symphony, The Philadelphia Orchestra, and The Philly POPS, among others. Benjamin acted as associate concertmaster of the National Philharmonic for four years and appeared as a guest soloist at their Summer String Institute. Highlights of his performance background include touring Europe and Asia with The Philadelphia Orchestra, performing Gustav Mahler&#8217;s Symphony of a Thousand for its Philadelphia centennial, participating in the internationally broadcast World Meeting of Families Concert in 2015, and recording tracks at NFL Films used for Super Bowls XLVIII\u2013LII.<\/p>\n\n\n\n<p class=\"has-medium-font-size\">Benjamin has toured the United States, Europe, and Mexico with the Verbier Festival Orchestra, American Institute of Musical Studies, and the Star Wars In Concert Symphony. He collaborated in chamber performances with cellist Clive Greensmith while concertmaster at the Pacific Music Festival and was a member Artosphere Festival Orchestra during its inaugural season. Together with The Chamber Orchestra of Philadelphia, he performed in the 2014 Well-tempered United States tour, led by Grammy Award\u00ae-winning saxophonist Branford Marsalis.<\/p>\n\n\n\n<p class=\"has-medium-font-size\">Benjamin performs annually in the Summer Chamber Music Series of the Washington Metropolitan Philharmonic Association and has recently presented concerts in Maryland and Pennsylvania with the Nottingham ensemble. He performs on a 2016 Guadagnini copy by Samuel Payton of Philadelphia.<\/p>\n\n\n\n<p class=\"has-drop-cap has-medium-font-size\">Violinist <strong>Regino Madrid <\/strong>is an active soloist, concertmaster, and chamber musician throughout the Washington, D.C. area. Madrid is the concertmaster of The American Pops Orchestra and The McLean Orchestra. He has also appeared as guest concertmaster for the Eclipse Chamber Orchestra, National Gallery Orchestra, National Philharmonic, Chesapeake Orchestra at St. Mary River Concert Series, the Alexandria Symphony, and the Chamber Orchestra of San Antonio. Madrid is a founding member of the critically acclaimed Teiber Trio and has played in Carnegie Hall, Lincoln Center, the Library of Congress, the Phillips Collection, and The White House. Since making his solo debut at 16, Madrid has appeared with numerous orchestras throughout the United States and abroad. Solo performances include concertos by Beethoven, Bartok, Bach, Mozart, Brahms Double Concerto, Bernstein Serenade, Chausson Po e, Waxman Carmen Fantasy, Vivaldi, Piazzolla, and Richter Recomposed Four Seasons. Madrid received his bachelor of music degree in violin performance from the Cleveland Institute of Music after pursuing a Physiological Science degree from UCLA. Madrid has participated in numerous music festivals, including Santa Barbara Music Academy of the West, Holland Music Sessions, Musicorda, Idyllwilde (CA), and Soundfest (Cape Cod) with the Colorado Quartet. He currently plays on a J.B. Vuillaume violin from 1871.<\/p>\n\n\n\n<p class=\"has-text-align-center has-medium-font-size\">You can find more information about Regino <a href=\"https:\/\/www.kennedy-center.org\/artists\/m\/ma-mn\/regino-madrid\/\">HERE<\/a><\/p>\n\n\n\n<p class=\"has-drop-cap has-medium-font-size\"><strong>Lauren Ellis Scott<\/strong> is a dynamic violinist, violist, and music educator in and around the District of Columbia. She has performed with ensembles including American Institute of Musical Studies Festival Orchestra, Charleston Symphony, Delaware Symphony, Schenectady Symphony Orchestra, The Philly POPS, Baltimore Symphony Orchestra, Eclipse Chamber Orchestra, and the Maryland Lyric Opera, and she has worked with artists such as Yo-Yo Ma, Andrea Bocelli, Linda Watson, Bobby Vinton, Ledisi, and Steve Martin. Lauren has recorded music with NFL films for Super Bowls 50, LI, and LII, and her award-winning students have enjoyed performances around the United States and China.You can find more information about You can find more information about<\/p>\n\n\n\n<p class=\"has-medium-font-size\">Lauren holds degrees from Temple University and Stony Brook University, and her teachers include William de Pasquale, Kerri Ryan, Emily Schaad, and Richard Roberts. She has worked as a teaching artist for The Philadelphia Orchestra Association, Philadelphia Youth Orchestra, Western Connecticut Youth Orchestra, Greenville County Youth Orchestra, 9th Street Chamber Music, DC Youth Orchestra Program, and American Youth Philharmonic, and she maintains a small teaching studio guided by the principles of Shin\u2019ichi Suzuki. Together with her husband, Lauren regularly performs as a Musician on Call at Children\u2019s National Hospital in addition to other concert, community, and special event performances.<\/p>\n\n\n\n<p class=\"has-text-align-center has-medium-font-size\">You can find more information about Lauren <a href=\"https:\/\/laurenscottviolin.com\/\">HERE<\/a><\/p>\n\n\n\n<p class=\"has-drop-cap has-medium-font-size\">Cellist <strong>Chen Chen<\/strong> has had the privilege of performing in numerous renowned venues including but not limited to the Buckingham Palace, Wigmore Hall, LSO St. Luke\u2019s, Windsor Castle, the Kennedy Center, Severance Center, Kimmel Cultural Campus, Alice Tully Hall, and the Clarice Smith Performing Arts Center. She has performed in master classes with such celebrated artists as Itzhak Perlman, Steven Isserlis, Colin Carr, Alisa Weilerstein, as well as the Tokyo, Tak\u00e1cs, Jupiter, Mir\u00f3, St. John\u2019s, and Chilingirian String Quartets. Her playing can be heard on the most recent Grammy-nominated recording \u201cWorld on a String\u201d by Larry McKenna, released by BCM&amp;D Records. She can also be heard on the York Symphony Orchestra&#8217;s upcoming album on Centaur Records.<\/p>\n\n\n\n<p class=\"has-medium-font-size\">Chen is a member of the York Symphony Orchestra and the Lancaster Symphony Orchestra. She is also a regularly engaged musician at the Reading Symphony, Fairfax Symphony, and the Rhode Island Philharmonic Orchestra.<\/p>\n\n\n\n<p class=\"has-medium-font-size\">Chen earned her D.M.A from Temple University under the guidance of Professor Jeffrey Solow. Past teachers include Mark Kosower, Merry Peckham, Richard Weiss, Natalia Pavlutskaya, Alexander Ivashkin, and Jin Zhang. She teaches cello at Drexel University.<\/p>\n\n\n\n<p class=\"has-text-align-center has-medium-font-size\">If you&#8217;d like to receive Emerson Avenue Salon invitations, you can add yourself to the invitation list <a href=\"https:\/\/emersonavenuesalons.com\/?page_id=1212\">HERE<\/a>.<\/p>\n","protected":false},"excerpt":{"rendered":"<p>Sunday, June 1, 2025 &#8212; a &#8220;hybrid&#8221; event &#8212; Bluestone Strings Benjamin Scott, violinRegino Madrid, violinLauren Scott, violaChen Chen, cello Harmonies Under Hapsburgs Life was not all sunshine and roses during the vast Habsburg reign, but quite a few musicians found their homes absorbed by the Austro-Hungarian Empire. Haydn lived most of his life in [&hellip;]<\/p>\n","protected":false},"author":1,"featured_media":0,"parent":0,"menu_order":0,"comment_status":"closed","ping_status":"closed","template":"","meta":{"footnotes":""},"class_list":["post-8410","page","type-page","status-publish","hentry"],"_links":{"self":[{"href":"https:\/\/emersonavenuesalons.com\/index.php?rest_route=\/wp\/v2\/pages\/8410","targetHints":{"allow":["GET"]}}],"collection":[{"href":"https:\/\/emersonavenuesalons.com\/index.php?rest_route=\/wp\/v2\/pages"}],"about":[{"href":"https:\/\/emersonavenuesalons.com\/index.php?rest_route=\/wp\/v2\/types\/page"}],"author":[{"embeddable":true,"href":"https:\/\/emersonavenuesalons.com\/index.php?rest_route=\/wp\/v2\/users\/1"}],"replies":[{"embeddable":true,"href":"https:\/\/emersonavenuesalons.com\/index.php?rest_route=%2Fwp%2Fv2%2Fcomments&post=8410"}],"version-history":[{"count":2,"href":"https:\/\/emersonavenuesalons.com\/index.php?rest_route=\/wp\/v2\/pages\/8410\/revisions"}],"predecessor-version":[{"id":8496,"href":"https:\/\/emersonavenuesalons.com\/index.php?rest_route=\/wp\/v2\/pages\/8410\/revisions\/8496"}],"wp:attachment":[{"href":"https:\/\/emersonavenuesalons.com\/index.php?rest_route=%2Fwp%2Fv2%2Fmedia&parent=8410"}],"curies":[{"name":"wp","href":"https:\/\/api.w.org\/{rel}","templated":true}]}}