{"id":8064,"date":"2025-02-18T00:05:11","date_gmt":"2025-02-18T05:05:11","guid":{"rendered":"https:\/\/emersonavenuesalons.com\/?page_id=8064"},"modified":"2025-02-18T00:05:11","modified_gmt":"2025-02-18T05:05:11","slug":"salonline-2025-02-16-mathilde-handelsman","status":"publish","type":"page","link":"https:\/\/emersonavenuesalons.com\/?page_id=8064","title":{"rendered":"Salonline 2025-02-16 Mathilde Handelsman"},"content":{"rendered":"\n<p class=\"has-text-align-center has-dark-gray-color has-white-background-color has-text-color has-background\"><a class=\"maxbutton-9 maxbutton maxbutton-button-5b\" title=\"Click to donate (100% Matched!)\" href=\"https:\/\/emersonavenuesalons.com\/?page_id=5466\"><span class='mb-text'>DONATE!<\/span><\/a> <a class=\"maxbutton-5 maxbutton maxbutton-button-5-text\" title=\"Click to Watch Salonline\" href=\"https:\/\/youtube.com\/live\/9tXYvhBVpfI?feature=share\"><span class='mb-text'>Watch Salonline<\/span><\/a> <a class=\"maxbutton-8 maxbutton maxbutton-button-5a\" title=\"Click to see Older Salonlines\" href=\"https:\/\/emersonavenuesalons.com\/?page_id=189\"><span class='mb-text'>Previous Salonlines<\/span><\/a><\/p>\n\n\n\n<h1 class=\"wp-block-heading has-text-align-center has-text-color has-link-color wp-elements-0052248d7a0ee8963f234bc41d2471d1\" style=\"color:#000000\">Sunday, February 16, 2025<\/h1>\n\n\n\n<p class=\"has-text-align-center has-text-color\" style=\"color:#f30000\">&#8212; a &#8220;hybrid&#8221; event &#8212;<\/p>\n\n\n\n<p class=\"has-text-align-center has-text-color has-link-color wp-elements-dea276f6159ea476f9cd34fc9b79a867\" style=\"color:#445291;font-size:42px\"><strong>Mathilde Handelsman<\/strong><\/p>\n\n\n\n<p class=\"has-text-align-center has-medium-font-size\"><strong>piano<\/strong><\/p>\n\n\n\n<p class=\"has-text-align-center has-text-color has-link-color has-x-large-font-size wp-elements-0e6e1a5d532ff99c7064aae6c64efad2\" style=\"color:#6c099d\"><strong>The World of Yesterday<\/strong><\/p>\n\n\n<div class=\"wp-block-image\">\n<figure class=\"aligncenter size-full\"><a href=\"https:\/\/emersonavenuesalons.com\/wp-content\/uploads\/2025\/02\/Mathilde-Handelsman-Emerson-Avenue-Salons-the-World-of-Yesterday.gif\"><img loading=\"lazy\" decoding=\"async\" width=\"640\" height=\"360\" src=\"https:\/\/emersonavenuesalons.com\/wp-content\/uploads\/2025\/02\/Mathilde-Handelsman-Emerson-Avenue-Salons-the-World-of-Yesterday.gif\" alt=\"\" class=\"wp-image-8054\"\/><\/a><\/figure>\n<\/div>\n\n\n<p class=\"has-text-align-center has-medium-font-size\">&#8220;<em>\u2026But in the last resort, every shadow is also the child of light and only those who have known the light and the dark, have seen war and peace, rise and fall, have truly lived their lives.<\/em>&#8220;<br>Stefan Zweig, The World of Yesterday (1942)<\/p>\n\n\n\n<p class=\"has-text-align-center has-medium-font-size\"><br>This program for solo piano brings together two composers that, on the surface, one wouldn\u2019t necessarily think of associating, their sound worlds being so different: Maurice Ravel and Dmitri Shostakovich. And yet, across two major works represented here \u2013 Ravel&#8217;s <em>Le Tombeau de Couperin<\/em>, and Shostakovich&#8217;s <em>24 Preludes and Fugues Op. 87<\/em>&nbsp;\u2013 a few connecting features seem to appear, discreetly, in corners. First, because of the war context for each of these works, and second in the common feeling of nostalgia these pieces share, of looking towards the past and paying homage to composers of yesteryear and ancient forms.<\/p>\n\n\n\n<p class=\"has-text-align-center has-medium-font-size\">At the center of the program, I chose to insert a contemporary piece by the living, female Korean composer Unsuk Chin, who pays tribute both to her elder, the composer Gy\u00f6rgy Ligeti, and to the tradition of Javanese gamelan from which she draws inspiration for this study of pianistic virtuosity.<\/p>\n\n\n\n<p><\/p>\n\n\n\n<p class=\"has-text-align-center has-large-font-size\"><strong>PROGRAM<\/strong><\/p>\n\n\n\n<p class=\"has-text-align-center has-medium-font-size\"><strong>Dmitri Shostakovich<\/strong> \u2013<em>Preludes et fugues, Op. 87, 1st book<\/em>&nbsp;(1951) :<br>No. 1 in C major<br>No. 3 in G major<br>No. 4 in E minor<br>No. 5 in D major<br>No. 7 in A major<br>&nbsp;<br><strong>Unsuk Chin<\/strong> \u2013 Etude No. 1 \u00ab&nbsp;In C&nbsp;\u00bb (1999, revised in 2003)<br>&nbsp;<br><strong>Maurice Ravel<\/strong> \u2013 <em>Le Tombeau de Couperin <\/em>(1914)<br>Pr\u00e9lude<br>Fugue<br>Forlane<br>Rigaudon<br>Menuet<br>Toccata<\/p>\n\n\n\n<p><\/p>\n\n\n\n<p class=\"has-text-align-center has-large-font-size\"><strong>BIOGRAPHY<\/strong><\/p>\n\n\n\n<p class=\"has-drop-cap has-medium-font-size\">Recognized for her \u201ccalm technical control, extraordinary vigor, and flawless musicality,\u201d (<em>Derni\u00e8res Nouvelles d\u2019Alsace<\/em>, 2013),<strong> Dr. Mathilde Handelsman<\/strong> is a concert pianist, poet, and educator from Paris, France.<\/p>\n\n\n\n<p class=\"has-medium-font-size\">In 2020, Mathilde\u2019s d\u00e9but album devoted to Claude Debussy, <em>Images<\/em>, was released for Sheva Collection. Passionate about French music, she regularly gives lecture-recitals on Debussy and champions the piano works of the late Roger Boutry (Grand Prix de Rome, 1954).<\/p>\n\n\n\n<p class=\"has-medium-font-size\">Highlights from the 2019-2020 concert season featured Mathilde alongside Nicolas Namoradze at the inauguration of the Tanglewood Learning Institute in a highly acclaimed two-piano performance. Recent festival appearances include the Tanglewood Music Center, Sarasota Music Festival, and the Wissembourg International Music Festival. Next season, Mathilde will d\u00e9but at Carnegie Hall as a 1st Prize winner of the 2021 American Prot\u00e9g\u00e9 Concerto Competition.<\/p>\n\n\n\n<p class=\"has-medium-font-size\">Mathilde was born in Paris to a family of musicians and painters. Her principal teachers are Menahem Pressler, John O\u2019Conor, and Laurent Cabasso. She has also received guidance from Emanuel Ax, Garrick Ohlsson, Peter Serkin, and Robert Levin. After graduating from the Acad\u00e9mie Sup\u00e9rieure de Musique de Strasbourg, Mathilde furthered her studies at the Jacobs School of Music of Indiana University-Bloomington. In 2020, she graduated from the Doctor of Musical Arts degree at Shenandoah University.<\/p>\n\n\n\n<p class=\"has-medium-font-size\">Dr. Mathilde Handelsman currently serves as a Resident Artist and piano faculty at the University of New Hampshire. Her work as a poet includes two published volumes,<em> Pr\u00e9-sage <\/em>(2016) and<em> L\u2019Absurde G\u00e9nie des fleurs<\/em> (2017).<\/p>\n\n\n\n<hr class=\"wp-block-separator has-alpha-channel-opacity\"\/>\n\n\n\n<p class=\"has-text-align-center has-medium-font-size\">If you&#8217;d like to receive Emerson Avenue Salon invitations, you can add yourself to the invitation list <a href=\"https:\/\/emersonavenuesalons.com\/?page_id=1212\">HERE<\/a>.<\/p>\n","protected":false},"excerpt":{"rendered":"<p>Sunday, February 16, 2025 &#8212; a &#8220;hybrid&#8221; event &#8212; Mathilde Handelsman piano The World of Yesterday &#8220;\u2026But in the last resort, every shadow is also the child of light and only those who have known the light and the dark, have seen war and peace, rise and fall, have truly lived their lives.&#8220;Stefan Zweig, The [&hellip;]<\/p>\n","protected":false},"author":1,"featured_media":0,"parent":0,"menu_order":0,"comment_status":"closed","ping_status":"closed","template":"","meta":{"footnotes":""},"class_list":["post-8064","page","type-page","status-publish","hentry"],"_links":{"self":[{"href":"https:\/\/emersonavenuesalons.com\/index.php?rest_route=\/wp\/v2\/pages\/8064","targetHints":{"allow":["GET"]}}],"collection":[{"href":"https:\/\/emersonavenuesalons.com\/index.php?rest_route=\/wp\/v2\/pages"}],"about":[{"href":"https:\/\/emersonavenuesalons.com\/index.php?rest_route=\/wp\/v2\/types\/page"}],"author":[{"embeddable":true,"href":"https:\/\/emersonavenuesalons.com\/index.php?rest_route=\/wp\/v2\/users\/1"}],"replies":[{"embeddable":true,"href":"https:\/\/emersonavenuesalons.com\/index.php?rest_route=%2Fwp%2Fv2%2Fcomments&post=8064"}],"version-history":[{"count":0,"href":"https:\/\/emersonavenuesalons.com\/index.php?rest_route=\/wp\/v2\/pages\/8064\/revisions"}],"wp:attachment":[{"href":"https:\/\/emersonavenuesalons.com\/index.php?rest_route=%2Fwp%2Fv2%2Fmedia&parent=8064"}],"curies":[{"name":"wp","href":"https:\/\/api.w.org\/{rel}","templated":true}]}}