{"id":7958,"date":"2025-01-07T04:22:50","date_gmt":"2025-01-07T09:22:50","guid":{"rendered":"https:\/\/emersonavenuesalons.com\/?page_id=7958"},"modified":"2025-01-07T04:22:50","modified_gmt":"2025-01-07T09:22:50","slug":"salonline-2024-02-05-the-swedish-jazz","status":"publish","type":"page","link":"https:\/\/emersonavenuesalons.com\/?page_id=7958","title":{"rendered":"Salonline 2024-02-05 The Swedish Jazz"},"content":{"rendered":"\n<p class=\"has-text-align-center has-dark-gray-color has-white-background-color has-text-color has-background\"><a class=\"maxbutton-9 maxbutton maxbutton-button-5b\" title=\"Click to donate (100% Matched!)\" href=\"https:\/\/emersonavenuesalons.com\/?page_id=5466\"><span class='mb-text'>DONATE!<\/span><\/a> <a class=\"maxbutton-8 maxbutton maxbutton-button-5a\" title=\"Click to Watch Salonline\" href=\"https:\/\/youtube.com\/live\/Z4fK7jY78FI?feature=share\"><span class='mb-text'>Watch Salonline<\/span><\/a> <a class=\"maxbutton-8 maxbutton maxbutton-button-5a\" title=\"Click to see Older Salonlines\" href=\"https:\/\/emersonavenuesalons.com\/?page_id=189\"><span class='mb-text'>Previous Salonlines<\/span><\/a><\/p>\n\n\n\n<h1 class=\"wp-block-heading has-text-align-center has-text-color has-link-color wp-elements-57bf9f90fabcdf7c1ff0c5723a7238aa\" style=\"color:#000000\">Sunday, January 5, 2025<\/h1>\n\n\n\n<p class=\"has-text-align-center has-text-color\" style=\"color:#f30000\">&#8212; a &#8220;hybrid&#8221; event &#8212;<\/p>\n\n\n\n<p class=\"has-text-align-center has-text-color has-link-color wp-elements-462d25fd4739029eb04a01f6ad23fa62\" style=\"color:#445291;font-size:42px\"><strong>The Swedish Jazz<\/strong><\/p>\n\n\n\n<p class=\"has-text-align-center has-medium-font-size\"><strong>Anders Lundegard &#8211; Saxophone<\/strong><br><strong>Steve Herberman &#8211; Guitar<br>Daniel Brown &#8212; Bass<\/strong><\/p>\n\n\n\n<p class=\"has-text-align-center has-medium-font-size\"><\/p>\n\n\n\n<p class=\"has-text-align-center has-text-color has-link-color has-x-large-font-size wp-elements-a7cdaec75871eeb1632b46faf3f502f0\" style=\"color:#4a1375\"><strong>Post Holiday Jazz Blues<\/strong><\/p>\n\n\n<div class=\"wp-block-image\">\n<figure class=\"aligncenter size-full\"><a href=\"https:\/\/emersonavenuesalons.com\/wp-content\/uploads\/2024\/12\/Anders-Lundegard-Daniel-Brown-Steve-Herberman.gif\"><img loading=\"lazy\" decoding=\"async\" width=\"640\" height=\"360\" src=\"https:\/\/emersonavenuesalons.com\/wp-content\/uploads\/2024\/12\/Anders-Lundegard-Daniel-Brown-Steve-Herberman.gif\" alt=\"\" class=\"wp-image-7951\"\/><\/a><\/figure>\n<\/div>\n\n\n<p class=\"has-text-align-center has-medium-font-size\">Jazz Trio playing the greatest jazz tunes of all times, and a few originals by The Swedish Jazz trio members<\/p>\n\n\n\n<p class=\"has-text-align-center has-large-font-size\"><strong>BIOGRAPHY<\/strong><\/p>\n\n\n\n<p class=\"has-drop-cap has-medium-font-size\"><strong>Anders Lundeg\u00e5rd<\/strong> was born and bred in V\u00e4xj\u00f6, Sweden. This mid-sized town, surrounded by deep pine forests in the middle south of Sweden, is otherwise mostly noted for producing world-class tennis champions, such as Jonas Bj\u00f6rkman and Mats Wilander. Educated at the Royal Academy of Music in Stockholm and at Northwestern University as a Fulbright Scholar, Anders now resides in Washington, DC, where he has made a career as a <a href=\"http:\/\/www.capitolpwg.com\/anders-lundegard\/\" target=\"_blank\" rel=\"noreferrer noopener\">Private Wealth Advisor<\/a><br><br>Anders is the founder of <a href=\"http:\/\/theswedishjazz.com\/\" target=\"_blank\" rel=\"noreferrer noopener\">The Swedish Jazz<\/a>&nbsp;Duo, along with guitarist and singer Al Baumann. Lundeg\u00e5rd\u2019s own semiannual concert series, at the Lyceum, a concert venue in Old Town Alexandria, alternates between chamber music and jazz performances, often featuring his compositions in both genres. The subject of his<a href=\"http:\/\/www.classicalsaxophonist.com\/dissertation.html\" target=\"_blank\" rel=\"noreferrer noopener\">&nbsp;doctoral dissertation <\/a>was the saxophone concerto by the Swedish composer Lars-Erik Larsson, its relevance to the development of the saxophone repertoire, as well as its place in the history of the concerto genre. For his work as a saxophone scholar, Dr. Lundeg\u00e5rd received the noteworthy American-Scandinavian Foundation Award, presented personally by the late Prince Bertil, Duke of Halland, Sweden.<\/p>\n\n\n\n<p class=\"has-medium-font-size\">Besides performing his own works for saxophone and piano, Anders performs extensively the chamber music repertoire originally written for flute, clarinet, violin and cello. His own adaptations for saxophone include works by the great composers such as Brahms, Beethoven, Mozart, Chopin and Rachmaninoff. His previous recordings include all of Bach\u2019s unaccompanied suites for cello, performed on various saxophones. Among his many solo appearances, he has appeared at the Kennedy Center in Washington, DC, and as a soloist with the renowned Swedish string orchestra Musica Vitae. Between concert seasons, he is an avid sailor and the proud owner of a 23-ft sailboat named after his two grandmothers Greta (port side) and Gudrun (starboard side).<\/p>\n\n\n\n<p class=\"has-drop-cap has-medium-font-size\"><strong>Steve Herberman<\/strong> is a graduate of Berklee College Of Music majoring in Jazz guitar performance. He began playing a seven-string guitar in 1993. Steve has recorded numerous CD&#8217;s as both leader and sideman and is a respected jazz educator. Steve Herberman&#8217;s original composition &#8220;What We Do&#8221; won first place in the jazz category of the 2018 USA Songwriting Competition. Steve has about 60 video lessons published on Mike&#8217;s Masterclasses and has toured across the US and Europe playing and teaching. He is featured in the book The Great Jazz Guitarists by Scott Yanow and placed as a top guitarist in the 2022 All About Jazz&nbsp; reader&#8217;s poll. Herberman is on the faculty of JazzWire and JazzBand Masterclass. Steve is an endorser of Comins Guitars and GLB Sound amps and is based in the Washington DC area<\/p>\n\n\n\n<p class=\"has-drop-cap has-medium-font-size\"><strong>Daniel Brown<\/strong> comes from an eclectic musical background that includes Jazz, Klezmer, Rock, and everything in between.&nbsp;<\/p>\n\n\n\n<p class=\"has-medium-font-size\">Daniel has performed with such musical luminaries as Jerry Coker, Donald Brown, Rick Whitehead, Sean Jones, Harold Mabern, Wade Beach, Jeremy Wilson, Seth Kibel, Allyn Johnson, Tedd Baker, Joe McCarthy, Bill Mobley and Gregory Tardy.&nbsp; He continues to teach and perform frequently in and around the D.C. area.<\/p>\n\n\n\n<p class=\"has-medium-font-size\">Daniel has studied bass and improvisation with Rusty Holloway, Donald Brown, Jerry Coker, Mark Boling, Gregory Tardy, Michael Moore, Glenn Dewey, and Wade Beach.&nbsp; He received a Bachelor of Music in Jazz and Studio Music with an emphasis in String Bass Performance from the University of Tennessee and a Master of Music in Jazz Studies at George Mason University.&nbsp;<\/p>\n\n\n\n<hr class=\"wp-block-separator has-alpha-channel-opacity\"\/>\n\n\n\n<p class=\"has-text-align-center has-medium-font-size\">If you&#8217;d like to receive Emerson Avenue Salon invitations, you can add yourself to the invitation list <a href=\"https:\/\/emersonavenuesalons.com\/?page_id=1212\">HERE<\/a>.<\/p>\n","protected":false},"excerpt":{"rendered":"<p>Sunday, January 5, 2025 &#8212; a &#8220;hybrid&#8221; event &#8212; The Swedish Jazz Anders Lundegard &#8211; SaxophoneSteve Herberman &#8211; GuitarDaniel Brown &#8212; Bass Post Holiday Jazz Blues Jazz Trio playing the greatest jazz tunes of all times, and a few originals by The Swedish Jazz trio members BIOGRAPHY Anders Lundeg\u00e5rd was born and bred in V\u00e4xj\u00f6, [&hellip;]<\/p>\n","protected":false},"author":1,"featured_media":0,"parent":0,"menu_order":0,"comment_status":"closed","ping_status":"closed","template":"","meta":{"footnotes":""},"class_list":["post-7958","page","type-page","status-publish","hentry"],"_links":{"self":[{"href":"https:\/\/emersonavenuesalons.com\/index.php?rest_route=\/wp\/v2\/pages\/7958","targetHints":{"allow":["GET"]}}],"collection":[{"href":"https:\/\/emersonavenuesalons.com\/index.php?rest_route=\/wp\/v2\/pages"}],"about":[{"href":"https:\/\/emersonavenuesalons.com\/index.php?rest_route=\/wp\/v2\/types\/page"}],"author":[{"embeddable":true,"href":"https:\/\/emersonavenuesalons.com\/index.php?rest_route=\/wp\/v2\/users\/1"}],"replies":[{"embeddable":true,"href":"https:\/\/emersonavenuesalons.com\/index.php?rest_route=%2Fwp%2Fv2%2Fcomments&post=7958"}],"version-history":[{"count":0,"href":"https:\/\/emersonavenuesalons.com\/index.php?rest_route=\/wp\/v2\/pages\/7958\/revisions"}],"wp:attachment":[{"href":"https:\/\/emersonavenuesalons.com\/index.php?rest_route=%2Fwp%2Fv2%2Fmedia&parent=7958"}],"curies":[{"name":"wp","href":"https:\/\/api.w.org\/{rel}","templated":true}]}}