{"id":7446,"date":"2024-07-29T23:57:31","date_gmt":"2024-07-30T03:57:31","guid":{"rendered":"https:\/\/emersonavenuesalons.com\/?page_id=7446"},"modified":"2024-08-20T00:30:16","modified_gmt":"2024-08-20T04:30:16","slug":"7446-2","status":"publish","type":"page","link":"https:\/\/emersonavenuesalons.com\/?page_id=7446","title":{"rendered":"Salonline 2024-07-28 Maureen Walsh &amp; Luke Ratcliffe"},"content":{"rendered":"\n<p class=\"has-text-align-center has-dark-gray-color has-white-background-color has-text-color has-background\"><a class=\"maxbutton-3 maxbutton maxbutton-button-3-text\" title=\"Click Here to donate (100% Matched!)\" href=\"https:\/\/emersonavenuesalons.com\/?page_id=5466\"><span class='mb-text'>DONATE!<\/span><\/a> <a class=\"maxbutton-3 maxbutton maxbutton-button-3-text\" title=\"Watch Salonline\" href=\"https:\/\/youtube.com\/live\/Jl9yktKlHCE?feature=share\"><span class='mb-text'>Watch Salonline<\/span><\/a> <a class=\"maxbutton-3 maxbutton maxbutton-button-3-text\" title=\"Click to see Older Salonlines\" href=\"https:\/\/emersonavenuesalons.com\/?page_id=189\"><span class='mb-text'>Previous Salonlines<\/span><\/a><\/p>\n\n\n\n<h1 class=\"wp-block-heading has-text-align-center has-text-color has-link-color wp-elements-bd2fa071c0bca7540136eec11c532198\" style=\"color:#000000\">Sunday, July 28 2024<\/h1>\n\n\n\n<p class=\"has-text-align-center has-text-color\" style=\"color:#f30000\">&#8212; a &#8220;hybrid&#8221; event &#8212;<\/p>\n\n\n\n<p class=\"has-text-align-center has-text-color has-link-color has-x-large-font-size wp-elements-193ef0cc9aec8dd882cba339f38d996a\" style=\"color:#445291\"><strong>Maureen Walsh<\/strong><\/p>\n\n\n\n<p class=\"has-text-align-center has-medium-font-size\"><strong>Saxophone<\/strong><\/p>\n\n\n\n<p class=\"has-text-align-center has-text-color has-link-color has-x-large-font-size wp-elements-caa93e8e99d393de93c9e8346131ce79\" style=\"color:#445291\"><strong>Luke Ratcliffe<\/strong><\/p>\n\n\n\n<p class=\"has-text-align-center has-medium-font-size\"><strong>Piano<\/strong><\/p>\n\n\n\n<p class=\"has-text-align-center has-medium-font-size\"><\/p>\n\n\n<div class=\"wp-block-image\">\n<figure class=\"aligncenter size-full\"><a href=\"https:\/\/emersonavenuesalons.com\/wp-content\/uploads\/2024\/07\/Maureen-Walsh-Luke-Ratcliffe.gif\"><img loading=\"lazy\" decoding=\"async\" width=\"640\" height=\"360\" src=\"https:\/\/emersonavenuesalons.com\/wp-content\/uploads\/2024\/07\/Maureen-Walsh-Luke-Ratcliffe.gif\" alt=\"\" class=\"wp-image-7420\"\/><\/a><\/figure>\n<\/div>\n\n\n<p><\/p>\n\n\n\n<p class=\"has-text-align-center has-medium-font-size\">Created by a Belgian instrument maker, the newly-made saxophone found its first home in France in the 1840s. The very first pieces for the saxophone were written by French composers and to this day the saxophone has a solid presence within French music. Classical saxophonist Maureen Walsh will be performing charming arranged works such as Debussy\u2019s <em>Prelude to an Afternoon of a Faun<\/em>, the Oboe Sonata by Saint-Saens and <em>Pi\u00e8ce en forme de Haba\u00f1era<\/em> by Ravel. Come spend an evening immersed in the gentler side of the saxophone!<\/p>\n\n\n\n<p class=\"has-text-align-center has-large-font-size\"><strong>PROGRAM<\/strong><\/p>\n\n\n\n<p class=\"has-text-align-center has-medium-font-size\"><strong>Maurice Ravel<\/strong> (1875-1937) &#8220;Pi\u00e8ce en forme de Haba\u00f1era&#8221;<br>&nbsp; &nbsp; &nbsp;1. La Meneuse de Tortues d&#8217;or (The Leader of the Golden Turtles)<br>&nbsp; &nbsp; &nbsp;2. Le Petit \u00c2ne Blanc (The Little White Donkey)<br>&nbsp; &nbsp; &nbsp;3. Le Vieux Mendiant (The Old Beggar)<br>&nbsp; &nbsp; &nbsp;7. Bajo la Mesa (Under the Table)<br>&nbsp; &nbsp; &nbsp;8. La Cage de Cristal (The Crystal Cage)<br>&nbsp; &nbsp; &nbsp;9. La Marchande d&#8217;eau Fr\u00e2iche (The Fresh Water Seller)<\/p>\n\n\n\n<p class=\"has-text-align-center has-medium-font-size\"><strong>Charles Koechlin<\/strong> (1867-1950) &#8220;14 Pieces for Flute and Piano&#8221;<br>(arr. For soprano sax)<br>&nbsp; &nbsp; &nbsp;1. Vielle Chanson (Old Song)<br>&nbsp; &nbsp; &nbsp;2. Gai, Assez Anime<br>&nbsp; &nbsp; &nbsp;3. Andante Espressivo<br>&nbsp; &nbsp; &nbsp;4. Moderato con Moto<br>&nbsp; &nbsp; &nbsp;5. Allegro Moderato<br>&nbsp; &nbsp; &nbsp;6. Andante quasi Adagio<br> &nbsp; &nbsp;7. Beau Soir (Beautiful Night)<br>&nbsp; &nbsp; &nbsp;8. Andantino<br>&nbsp; &nbsp; &nbsp;9. Allegretto con Moto<br>&nbsp; &nbsp; 10. Allegretto quasi Andantino<br>&nbsp; &nbsp; 11. Allegretto<br>&nbsp; &nbsp; 12. Danse Printaniere (Spring Dance)<br>&nbsp; &nbsp; 13. March Funebre (Funeral March)<br>&nbsp; &nbsp; 14. Allegro Moderato<\/p>\n\n\n\n<p class=\"has-text-align-center has-medium-font-size\"><strong>Camille Saint-Sa\u00ebns<\/strong> (1835-1921) &#8220;Oboe Sonata&#8221;, Op. 166<br>(arr. For soprano sax)<br>&nbsp; &nbsp; &nbsp;1. Andantino<br>&nbsp; &nbsp; &nbsp;2. Allegretto<br>&nbsp; &nbsp; &nbsp;3. Molto Allegro<\/p>\n\n\n\n<p class=\"has-text-align-center has-medium-font-size\"><strong>Claude Debussy<\/strong> (1862-1918) &#8220;Pr\u00e9lude \u00e0 l&#8217;apr\u00e8s-midi d&#8217;un faune&#8221;<br>(Prelude to an Afternoon of a Faun)&nbsp;<\/p>\n\n\n\n<p class=\"has-text-align-center has-large-font-size\"><strong>BIOGRAPHY<\/strong><\/p>\n\n\n\n<p class=\"has-drop-cap has-text-align-left has-medium-font-size\">The Washington Post has described Maureen Walsh as bringing \u201cconsummate skill and interpretative sensitivity to the Schmitt, capturing every ounce of its dusky innuendos and mystical exoticism\u201d after a performance with the National Symphony Orchestra. Miss Walsh was a prizewinner of the NSO young soloist competition as well as the Harold Randolf Prize and the Baltimore Music Club competition. In June of 2022 she released a video album featuring her own arrangements of opera fantasy suites along with original illustrations.<\/p>\n\n\n\n<p class=\"has-text-align-left has-medium-font-size\">Miss Walsh has taken the saxophone from Alaska to Thailand with a blend of classical and contemporary programing which often features a visual element to enhance the experience. In addition to solo recitals, she performs with the Capital Wind Symphony under George Etheridge and the saxophone ensemble Le Revenant.<\/p>\n\n\n\n<p class=\"has-text-align-left has-medium-font-size\">Miss Walsh studied at the Peabody Conservatory with Gary Louie and received 3 degrees there including a masters. She also studied with the iconic Donald Sinta at the University of Michigan. Currently, she maintains a private studio in Silver Spring, MD with in person and online students from all over the country. To reach younger saxophone students she is developing the Suzuki method for modified reeded recorders in order to introduce the classical saxophone at an earlier age.<\/p>\n\n\n\n<p class=\"has-drop-cap has-medium-font-size\">Dr. Luke Alexander Ratcliffe is an acclaimed concert pianist, composer, collaborator and teacher. As an Armenian-American pianist, his cultural heritage and unique interpretational style transcend into profound insight of piano literature, delivering highly captivating performances. &nbsp;<\/p>\n\n\n\n<p class=\"has-medium-font-size\">Luke&#8217;s vast repertoire and passion for sharing music has taken him through national and international concerts. His repertoire includes music from classical canons to lesser-known composers and new music, for which he advocates beautifully. Luke is actively involved in lectures, compositions, transcriptions and other such projects.&nbsp;<\/p>\n\n\n\n<p class=\"has-medium-font-size\">Dr.Ratcliffe taught piano and music theory to students and completed his Doctoral degree in Piano Performance with a concentration in Piano Pedagogy at the Cleveland Institute of Music, under the mentorship of world renowned artist, Antonio Pompa-Baldi.\u200b<\/p>\n\n\n\n<p class=\"has-medium-font-size\">Currently, Dr.Ratcliffe teaches individual and group piano lessons, giving master classes, and collaborates with global musicians at the Levine School of Music in Washington, DC. He has an actively growing private music studio in Northern Virginia.<\/p>\n\n\n\n<p class=\"has-medium-font-size\">When not busy teaching or performing piano, Luke is an avid reader, loves studying history and languages, and enjoys the outdoors. <a href=\"https:\/\/www.lukeratcliffemusic.com\/\">Learn more about Luke on his website<\/a>.<\/p>\n\n\n\n<hr class=\"wp-block-separator has-alpha-channel-opacity\"\/>\n\n\n\n<p class=\"has-text-align-center has-medium-font-size\">If you&#8217;d like to receive Emerson Avenue Salon invitations, you can add yourself to the invitation list <a href=\"https:\/\/emersonavenuesalons.com\/?page_id=1212\">HERE<\/a>.<\/p>\n","protected":false},"excerpt":{"rendered":"<p>Sunday, July 28 2024 &#8212; a &#8220;hybrid&#8221; event &#8212; Maureen Walsh Saxophone Luke Ratcliffe Piano Created by a Belgian instrument maker, the newly-made saxophone found its first home in France in the 1840s. The very first pieces for the saxophone were written by French composers and to this day the saxophone has a solid presence [&hellip;]<\/p>\n","protected":false},"author":1,"featured_media":0,"parent":0,"menu_order":0,"comment_status":"closed","ping_status":"closed","template":"","meta":{"footnotes":""},"class_list":["post-7446","page","type-page","status-publish","hentry"],"_links":{"self":[{"href":"https:\/\/emersonavenuesalons.com\/index.php?rest_route=\/wp\/v2\/pages\/7446","targetHints":{"allow":["GET"]}}],"collection":[{"href":"https:\/\/emersonavenuesalons.com\/index.php?rest_route=\/wp\/v2\/pages"}],"about":[{"href":"https:\/\/emersonavenuesalons.com\/index.php?rest_route=\/wp\/v2\/types\/page"}],"author":[{"embeddable":true,"href":"https:\/\/emersonavenuesalons.com\/index.php?rest_route=\/wp\/v2\/users\/1"}],"replies":[{"embeddable":true,"href":"https:\/\/emersonavenuesalons.com\/index.php?rest_route=%2Fwp%2Fv2%2Fcomments&post=7446"}],"version-history":[{"count":0,"href":"https:\/\/emersonavenuesalons.com\/index.php?rest_route=\/wp\/v2\/pages\/7446\/revisions"}],"wp:attachment":[{"href":"https:\/\/emersonavenuesalons.com\/index.php?rest_route=%2Fwp%2Fv2%2Fmedia&parent=7446"}],"curies":[{"name":"wp","href":"https:\/\/api.w.org\/{rel}","templated":true}]}}