{"id":6441,"date":"2023-08-29T00:08:01","date_gmt":"2023-08-29T04:08:01","guid":{"rendered":"https:\/\/emersonavenuesalons.com\/?page_id=6441"},"modified":"2023-08-29T00:08:01","modified_gmt":"2023-08-29T04:08:01","slug":"salonline-2023-08-27-trifilio-tango-trio","status":"publish","type":"page","link":"https:\/\/emersonavenuesalons.com\/?page_id=6441","title":{"rendered":"Salonline 2023-08-27 Trifilio Tango Trio"},"content":{"rendered":"\n<p class=\"has-text-align-center has-dark-gray-color has-white-background-color has-text-color has-background\"><a class=\"maxbutton-3 maxbutton maxbutton-button-3-text\" title=\"Click Here to donate (100% Matched!)\" href=\"https:\/\/emersonavenuesalons.com\/?page_id=5466\"><span class='mb-text'>DONATE!<\/span><\/a>\u00a0 \u00a0 <a class=\"maxbutton-3 maxbutton maxbutton-button-3-text\" title=\"Click to Watch YouTube\" href=\"https:\/\/youtube.com\/live\/Xm39nQuhsXM?feature=share\"><span class='mb-text'>Watch This Salonline<\/span><\/a> \u00a0\u00a0<a class=\"maxbutton-3 maxbutton maxbutton-button-3-text\" title=\"Click to see Older Salonlines\" href=\"https:\/\/emersonavenuesalons.com\/?page_id=189\"><span class='mb-text'>Previous Salonlines<\/span><\/a>  <\/p>\n\n\n\n<p class=\"has-text-align-center has-text-color\" style=\"color:#e10303\">Sunday August 27, 2023<br> Emerson Avenue Salonlines Proudly Presents<br> a Live YouTube Broadcast<\/p>\n\n\n\n<p class=\"has-text-align-center has-text-color has-medium-font-size\" style=\"color:#de2c32\"><strong>&#8211;  A &#8220;hybrid&#8221; concert &#8211;<\/strong><\/p>\n\n\n\n<p class=\"has-text-align-center has-text-color\" style=\"color:#2f8811;font-size:56px\"><strong>Trifilio Tango Trio<\/strong><\/p>\n\n\n\n<p class=\"has-text-align-center has-medium-font-size\"><strong>Piano: Agustin<\/strong><\/p>\n\n\n\n<p class=\"has-text-align-center has-medium-font-size\"><strong>Cello: Mara<\/strong><\/p>\n\n\n\n<p class=\"has-text-align-center has-medium-font-size\"><strong>B<strong>andone\u00f3n: <\/strong>Emmanuel<\/strong><\/p>\n\n\n\n<p class=\"has-text-align-center has-text-color\" style=\"color:#2a2e8e;font-size:48px\"><strong>Tango and Argentinian Music<\/strong><\/p>\n\n\n<div class=\"wp-block-image\">\n<figure class=\"aligncenter size-full\"><a href=\"https:\/\/emersonavenuesalons.com\/wp-content\/uploads\/2023\/08\/TTT3-Emmanuel-Trifilio-Augustin-Muriago-Mara.gif\"><img loading=\"lazy\" decoding=\"async\" width=\"640\" height=\"360\" src=\"https:\/\/emersonavenuesalons.com\/wp-content\/uploads\/2023\/08\/TTT3-Emmanuel-Trifilio-Augustin-Muriago-Mara.gif\" alt=\"\" class=\"wp-image-6429\"\/><\/a><\/figure>\n<\/div>\n\n\n<p class=\"has-text-align-center has-medium-font-size\"><strong>Tango is one of the deepest expressions of Argentine culture. This trio rescues that tradition and invents a new way of rewriting that heritage. The art of melody and the harmonies of European tradition at a gallop of rhythm and tango forms.<\/strong><\/p>\n\n\n\n<hr class=\"wp-block-separator has-alpha-channel-opacity\"\/>\n\n\n\n<p class=\"has-text-align-center has-large-font-size\"><strong>Biography<\/strong><\/p>\n\n\n\n<p class=\"has-drop-cap\">Pianist Agustin Muriago has performed throughout the United States, Spain, China, Brazil, and his native Argentina, in venues such as the National Centre for the Performing Arts in Beijing, the Chicago Cultural Center, and the Yamaha Salon in New York City. His repertoire ranges from standard piano works to contemporary music premieres, with an emphasis on Spanish and Latin-American music. He has recorded for Acte Pr\u00e9alable, Radium Recordings, and for NPR affiliates.<br>Muriago has presented recitals featuring Latin-American music for the \u201cArgentina Festival\u201d in Hong Kong, the Latin American Cultural Week in New York City, the Sonus International Music Festival, for the Dame Myra Hess Memorial Concert series, and for the Latin American Music Center in Washington, D.C.<br>He has offered recitals, lectures, and master classes at NYU Shanghai, the Catholic University of America, the University of Chile, Emporia State University, the Universidade Federal do Rio Grande do Sul in Brazil, the Central Conservatory of Music Middle School in Beijing, for the International Music Festival at Kansas Wesleyan University, and at the Encontro Internacional Sobre Pedagogia do Piano in Brazil. He adjudicated the MTNA Young Artist Competition and piano competitions in Texas, Kansas, Missouri, South Dakota, Connecticut, and New York.<br>In Argentina, Muriago earned degrees in piano performance, piano pedagogy, and composition. As a prizewinner of the 2008 \u201cTeachers del Norte-Pianists del Sur\u201d auditions under the direction of Mirian Conti, he continued his studies in the United States, earning degrees in piano performance from The Hartt School (DMA), New York University (MM), and Rowan University (BM summa cum laude).<br>His major teachers include Jos\u00e9 Ram\u00f3n M\u00e9ndez, Luiz de Moura Castro, David Westfall, Veda Zuponcic, Aldo Antognazzi, and Marcela Fiorillo, having also received advice from Lilya Zilberstein, Frederic Chiu, Julian Martin, Solomon Mikowsky, Douglas Humpherys, and Seymour Bernstein.<br>Muriago is Assistant Professor of Keyboard Skills at the Peabody Institute of the Johns Hopkins University. Prior to his appointment at Peabody, he served on the piano faculty at Kansas State University, coordinating the Master of Music in Piano Pedagogy degree and teaching group and private lessons. He has also held teaching positions at The Hartt School Community Division and New York University.<br>Highlights for the 2023-2024 season include the release of his first solo recording on Albany Records, plus concerts in New York City, Washington, D.C, and at Indiana University\u2019s Jacobs School of Music.<br>Agustin Muriago is a Yamaha Artist.<\/p>\n\n\n\n<p class=\"has-text-align-center\">www.agustinmuriago.com<\/p>\n\n\n\n<p class=\"has-drop-cap\"><strong>Emmanuel Trifilio<\/strong>, <em>bandoneon<\/em>, is a Grammy-nominated composer whose <em>Tango Suite for Bandoneon and Orchestra <\/em>was premiered at the Endless Mountain Music Festival in New York in 2015. A native of Buenos Aires, Trifilio has appeared at the Kennedy Center, Lincoln Center, and Carnegie Hall. He has performed in concert in Houston, Miami, Denver, San Francisco, and New York, as well as Cuba and Mexico. He currently resides in the USA.<\/p>\n\n\n\n<hr class=\"wp-block-separator has-alpha-channel-opacity\"\/>\n\n\n\n<p class=\"has-text-align-center has-medium-font-size\">If you&#8217;d like to receive Emerson Avenue Salon invitations, you can add yourself to the invitation list <a href=\"https:\/\/emersonavenuesalons.com\/?page_id=1212\">HERE<\/a>.<\/p>\n","protected":false},"excerpt":{"rendered":"<p>\u00a0 \u00a0 \u00a0\u00a0 Sunday August 27, 2023 Emerson Avenue Salonlines Proudly Presents a Live YouTube Broadcast &#8211; A &#8220;hybrid&#8221; concert &#8211; Trifilio Tango Trio Piano: Agustin Cello: Mara Bandone\u00f3n: Emmanuel Tango and Argentinian Music Tango is one of the deepest expressions of Argentine culture. This trio rescues that tradition and invents a new way of [&hellip;]<\/p>\n","protected":false},"author":1,"featured_media":0,"parent":0,"menu_order":0,"comment_status":"closed","ping_status":"closed","template":"","meta":{"footnotes":""},"class_list":["post-6441","page","type-page","status-publish","hentry"],"_links":{"self":[{"href":"https:\/\/emersonavenuesalons.com\/index.php?rest_route=\/wp\/v2\/pages\/6441","targetHints":{"allow":["GET"]}}],"collection":[{"href":"https:\/\/emersonavenuesalons.com\/index.php?rest_route=\/wp\/v2\/pages"}],"about":[{"href":"https:\/\/emersonavenuesalons.com\/index.php?rest_route=\/wp\/v2\/types\/page"}],"author":[{"embeddable":true,"href":"https:\/\/emersonavenuesalons.com\/index.php?rest_route=\/wp\/v2\/users\/1"}],"replies":[{"embeddable":true,"href":"https:\/\/emersonavenuesalons.com\/index.php?rest_route=%2Fwp%2Fv2%2Fcomments&post=6441"}],"version-history":[{"count":0,"href":"https:\/\/emersonavenuesalons.com\/index.php?rest_route=\/wp\/v2\/pages\/6441\/revisions"}],"wp:attachment":[{"href":"https:\/\/emersonavenuesalons.com\/index.php?rest_route=%2Fwp%2Fv2%2Fmedia&parent=6441"}],"curies":[{"name":"wp","href":"https:\/\/api.w.org\/{rel}","templated":true}]}}