{"id":6268,"date":"2023-06-12T16:47:43","date_gmt":"2023-06-12T20:47:43","guid":{"rendered":"https:\/\/emersonavenuesalons.com\/?page_id=6268"},"modified":"2023-06-12T16:47:43","modified_gmt":"2023-06-12T20:47:43","slug":"salonline-2023-06-11-the-john-howard-trio-latin-jazz","status":"publish","type":"page","link":"https:\/\/emersonavenuesalons.com\/?page_id=6268","title":{"rendered":"Salonline 2023-06-11 The John Howard Trio &#8212; Latin Jazz"},"content":{"rendered":"\n<p><\/p>\n\n\n\n<p class=\"has-text-align-center has-dark-gray-color has-white-background-color has-text-color has-background\"><a class=\"maxbutton-3 maxbutton maxbutton-button-3-text\" title=\"Click Here to donate (100% Matched!)\" href=\"https:\/\/emersonavenuesalons.com\/?page_id=5466\"><span class='mb-text'>DONATE!<\/span><\/a>\u00a0 \u00a0 <a class=\"maxbutton-3 maxbutton maxbutton-button-3-text\" title=\"Click to Watch YouTube\" href=\"https:\/\/youtube.com\/live\/ntZ37QsteLo?feature=share\"><span class='mb-text'>Watch This Salonline<\/span><\/a> \u00a0\u00a0<a class=\"maxbutton-3 maxbutton maxbutton-button-3-text\" title=\"Click to see Older Salonlines\" href=\"https:\/\/emersonavenuesalons.com\/?page_id=189\"><span class='mb-text'>Previous Salonlines<\/span><\/a>  <\/p>\n\n\n\n<h2 class=\"wp-block-heading has-text-align-center\">Sunday June 11, 2023<br> Emerson Avenue Salonlines Proudly Presents<br> a Live YouTube Broadcast<\/h2>\n\n\n\n<p class=\"has-text-align-center has-text-color has-medium-font-size\" style=\"color:#de2c32\"><strong>&#8211;  A &#8220;hybrid&#8221; concert &#8211;<\/strong><\/p>\n\n\n\n<p class=\"has-text-align-center has-text-color\" style=\"color:#2f8811;font-size:64px\"><strong>John Howard Trio<\/strong><\/p>\n\n\n\n<p class=\"has-text-align-center\" style=\"font-size:28px\"><strong>John Howard<\/strong>, piano<br><strong>Jason Walker<\/strong>, percussion<br><strong>Eugenio Ibarz<\/strong>, bass<\/p>\n\n\n\n<p class=\"has-text-align-center has-text-color\" style=\"color:#2a2e8e;font-size:64px\"><strong>Facets of Latin Jazz<\/strong><\/p>\n\n\n<div class=\"wp-block-image\">\n<figure class=\"aligncenter size-full\"><a href=\"https:\/\/emersonavenuesalons.com\/wp-content\/uploads\/2023\/06\/John-Howard-Trio-with-Jason-Walker-and-Eugenio-Ibarz.gif\"><img loading=\"lazy\" decoding=\"async\" width=\"640\" height=\"360\" src=\"https:\/\/emersonavenuesalons.com\/wp-content\/uploads\/2023\/06\/John-Howard-Trio-with-Jason-Walker-and-Eugenio-Ibarz.gif\" alt=\"\" class=\"wp-image-6254\"\/><\/a><\/figure>\n<\/div>\n\n\n<p class=\"has-text-align-center has-small-font-size\">(*) Photos courtesy Jeffrey Macmillan<\/p>\n\n\n\n<p class=\"has-text-align-center\" style=\"font-size:28px\">An exploration of the different influences that Jazz has synthesized coming from the many realms of Latin music and cultures.<\/p>\n\n\n\n<p class=\"has-text-align-center has-large-font-size\"><strong>Program<\/strong><\/p>\n\n\n\n<p class=\"has-text-align-center has-small-font-size\"> (subject to change)<\/p>\n\n\n\n<p class=\"has-text-align-center has-medium-font-size\">&nbsp;&nbsp;&nbsp;<strong>Insensatez (How Insensitive)<br>Armando&#8217;s Rhumba<\/strong><br><strong>Watermelon Man<\/strong><br><strong>Recorda Me<\/strong><br><strong>Take Five<br>Bernie&#8217;s Tune<br>Se\u00f1or Blues<br>Quiz\u00e1s, quiz\u00e1s, quiz\u00e1s (Perhaps, Perhaps, Perhaps)<br>Mambo influenciado<br>Spain<\/strong><\/p>\n\n\n\n<p class=\"has-text-align-center has-large-font-size\"><strong>Biographies<\/strong><\/p>\n\n\n\n<p class=\"has-drop-cap has-text-align-left\">John Howard: From a musical family, John Howard played many instruments before beginning piano study in his senior year of high school. He has a Bachelor of Music in Piano Performance from UNC-Chapel Hill, where he attended on an Andy Griffith Scholarship. While in Chapel Hill he also played in the jazz bands and performed with drummer Louis Bellson and trombonist Al Grey of the Count Basie Orchestra. John began teaching music at the Edmund Burke School in Washington, DC in 1989, where he founded the music department. John\u2019s Burke bands have performed at Blues Alley annually for over 15 years. They are founding performers of the Big Band Jam on the Mall, appearing every year since inception in 2004. Since 1995 they are annual participants in the Georgetown Day School Jazz Festival. In 2014 John co-founded Takoma Jazz with colleague Eugenio Ibarz, which ranges from&nbsp; solo piano to a quintet with horns and\/or vocals. Evolving from a duo with bassist Eugenio on guitar and then bass, they have worked together for over 15 years, performing at countless events throughout the DC area.<\/p>\n\n\n\n<p class=\"has-drop-cap has-text-align-left\">Jason Walker is a seasoned DMV drummer and percussionist whose wide range of interests have led to playing a diverse range of music including blues, Afro-Caribbean jazz, afro beat, and Americana. You can hear him throughout the DMV with Hard Swimmin\u2019 Fish (<a rel=\"noreferrer noopener\" href=\"http:\/\/www.hardswimminfish.com\" target=\"_blank\">www.hardswimminfish.com<\/a> ), Chopteeth Afro-Funk Big Band (<a rel=\"noreferrer noopener\" href=\"http:\/\/www.chopteeth.com\" target=\"_blank\">www.chopteeth.com<\/a>) , the Vibe Collective (on FB @vibecollective), the John Howard Trio, and the Bumper Jacksons (<a rel=\"noreferrer noopener\" href=\"http:\/\/www.bumperjacksons.com\" target=\"_blank\">www.bumperjacksons.com<\/a>) . He is excited to share the stage with John and Eugenio and present the beauty of Afro-Cuban jazz with the Salon audience.<\/p>\n\n\n\n<p class=\"has-drop-cap has-text-align-left\">Bassist Eugenio Ibarz&nbsp;was born in Barcelona (Spain). He learned classical guitar, and then transitioned to jazz guitar. In the 90\u2019s he was a freelance guitar player and teacher, giving lessons and playing electric guitar and bass in different bands. Eugenio moved to the U.S. in 2002, where he taught guitar for a number of years, and has been performing actively in jazz groups and other musical styles in the DMV area since 2018.<\/p>\n\n\n\n<hr class=\"wp-block-separator has-alpha-channel-opacity\"\/>\n\n\n\n<p class=\"has-text-align-center has-medium-font-size\">If you&#8217;d like to receive Emerson Avenue Salon invitations, you can add yourself to the invitation list <a href=\"https:\/\/emersonavenuesalons.com\/?page_id=1212\">HERE<\/a>.<\/p>\n\n\n\n<p><\/p>\n\n\n\n<p class=\"has-text-align-center has-medium-font-size\"><\/p>\n","protected":false},"excerpt":{"rendered":"<p>\u00a0 \u00a0 \u00a0\u00a0 Sunday June 11, 2023 Emerson Avenue Salonlines Proudly Presents a Live YouTube Broadcast &#8211; A &#8220;hybrid&#8221; concert &#8211; John Howard Trio John Howard, pianoJason Walker, percussionEugenio Ibarz, bass Facets of Latin Jazz (*) Photos courtesy Jeffrey Macmillan An exploration of the different influences that Jazz has synthesized coming from the many realms [&hellip;]<\/p>\n","protected":false},"author":1,"featured_media":0,"parent":0,"menu_order":0,"comment_status":"closed","ping_status":"closed","template":"","meta":{"footnotes":""},"class_list":["post-6268","page","type-page","status-publish","hentry"],"_links":{"self":[{"href":"https:\/\/emersonavenuesalons.com\/index.php?rest_route=\/wp\/v2\/pages\/6268","targetHints":{"allow":["GET"]}}],"collection":[{"href":"https:\/\/emersonavenuesalons.com\/index.php?rest_route=\/wp\/v2\/pages"}],"about":[{"href":"https:\/\/emersonavenuesalons.com\/index.php?rest_route=\/wp\/v2\/types\/page"}],"author":[{"embeddable":true,"href":"https:\/\/emersonavenuesalons.com\/index.php?rest_route=\/wp\/v2\/users\/1"}],"replies":[{"embeddable":true,"href":"https:\/\/emersonavenuesalons.com\/index.php?rest_route=%2Fwp%2Fv2%2Fcomments&post=6268"}],"version-history":[{"count":0,"href":"https:\/\/emersonavenuesalons.com\/index.php?rest_route=\/wp\/v2\/pages\/6268\/revisions"}],"wp:attachment":[{"href":"https:\/\/emersonavenuesalons.com\/index.php?rest_route=%2Fwp%2Fv2%2Fmedia&parent=6268"}],"curies":[{"name":"wp","href":"https:\/\/api.w.org\/{rel}","templated":true}]}}