{"id":4082,"date":"2021-08-13T23:17:10","date_gmt":"2021-08-13T23:17:10","guid":{"rendered":"https:\/\/emersonavenuesalons.com\/?page_id=4082"},"modified":"2021-08-13T23:21:42","modified_gmt":"2021-08-13T23:21:42","slug":"salonline-2021-08-08-olga-vinokur-david-kalhous","status":"publish","type":"page","link":"https:\/\/emersonavenuesalons.com\/?page_id=4082","title":{"rendered":"Salonline 2021-08-08 Olga Vinokur &#038; David Kalhous"},"content":{"rendered":"\n<p class=\"has-text-align-center\"><a class=\"maxbutton-3 maxbutton maxbutton-button-3-text\" title=\"Click Here to donate (100% Matched!)\" href=\"https:\/\/emersonavenuesalons.com\/?page_id=2935\"><span class='mb-text'>DONATE!<\/span><\/a>\u00a0 \u00a0 <a class=\"maxbutton-3 maxbutton maxbutton-button-3-text\" title=\"Click to Watch YouTube\" href=\"https:\/\/youtu.be\/0TfBgf88Uco\"><span class='mb-text'>Watch Salonline<\/span><\/a> \u00a0\u00a0 <a class=\"maxbutton-3 maxbutton maxbutton-button-3-text\" title=\"Click to see Older Salons\" href=\"https:\/\/emersonavenuesalons.com\/?page_id=189\"><span class='mb-text'>Previous Salons<\/span><\/a><\/p>\n\n\n\n<h2 class=\"has-text-align-center wp-block-heading\">Sunday August 8, 2021<\/h2>\n\n\n\n<h4 class=\"has-text-align-center wp-block-heading\">Emerson Avenue Salonlines Proudly Presents<br>a YouTube Broadcast live from New York City!<em><br><\/em><\/h4>\n\n\n\n<h1 class=\"has-text-align-center has-huge-font-size wp-block-heading\">Olga Vinokur &amp; David Kalhous<\/h1>\n\n\n\n<p class=\"has-text-align-center has-medium-font-size\"><strong>piano four-hands<\/strong><\/p>\n\n\n\n<div class=\"wp-block-image\"><figure class=\"aligncenter size-full\"><a href=\"https:\/\/emersonavenuesalons.com\/wp-content\/uploads\/2021\/07\/olga-vinokur-david-kalhous-Web.jpg\"><img loading=\"lazy\" decoding=\"async\" width=\"640\" height=\"365\" src=\"https:\/\/emersonavenuesalons.com\/wp-content\/uploads\/2021\/07\/olga-vinokur-david-kalhous-Web.jpg\" alt=\"\" class=\"wp-image-4064\" srcset=\"https:\/\/emersonavenuesalons.com\/wp-content\/uploads\/2021\/07\/olga-vinokur-david-kalhous-Web.jpg 640w, https:\/\/emersonavenuesalons.com\/wp-content\/uploads\/2021\/07\/olga-vinokur-david-kalhous-Web-300x171.jpg 300w, https:\/\/emersonavenuesalons.com\/wp-content\/uploads\/2021\/07\/olga-vinokur-david-kalhous-Web-624x356.jpg 624w\" sizes=\"auto, (max-width: 640px) 100vw, 640px\" \/><\/a><\/figure><\/div>\n\n\n\n<hr class=\"wp-block-separator is-style-wide\"\/>\n\n\n\n<p class=\"has-text-align-center\"><em>Acclaimed pianists and frequent collaborators Olga Vinokur and David Kalhous join forces to present a program of German and Czech music for piano four-hands.&nbsp; Schubert\u2019s wondrous Fantasia in F minor, one of the greatest works for four-hand piano, will open the program.&nbsp; Waltzes and Dances by Brahms and Dvo\u0159\u00e1k, two great Romantic composers who shared an admiration for each other, will feature in the second part of the concert.&nbsp; Waltzes by Wolfgang Rihm, one of the most important German composers working today, will round up the evening.<\/em><\/p>\n\n\n\n<div class=\"wp-block-group\"><div class=\"wp-block-group__inner-container is-layout-flow wp-block-group-is-layout-flow\">\n<hr class=\"wp-block-separator\"\/>\n\n\n\n<p class=\"has-text-align-center has-large-font-size\"><strong>Program<\/strong><\/p>\n\n\n\n<p class=\"has-normal-font-size\"><strong>Franz Schubert <\/strong>(1797-1828)<\/p>\n\n\n\n<p class=\"has-text-align-center has-normal-font-size\"><em><strong>Fantasia in F minor for piano four hands<\/strong>, D. 940<br><\/em>Allegro molto moderato<br>Largo<br>Scherzo. Allegro vivace<br>Finale. Allegro molto moderato<\/p>\n\n\n\n<p><strong>Wolfgang Rihm<\/strong> (b, 1952)<\/p>\n\n\n\n<p class=\"has-text-align-center\"><em>Selection from <strong>Waltzes from piano four hands<\/strong> (1979, 1988)<\/em><\/p>\n\n\n\n<p class=\"has-text-align-center\">No. 1<br>No. 2<br>No. 3 Languido, con tenerezza<br>No. 4<br>No. 5<br>No. 6 Un poco elegante<br>No. 10<br>No. 15<br>No. 12 Z\u00f6gernd, schwankend<br>No. 7 Feroce<br>No. 8 Schnell<\/p>\n\n\n\n<p><strong>Anton\u00edn Dvo\u0159\u00e1k<\/strong> (1841-1904)<\/p>\n\n\n\n<p class=\"has-text-align-center\"><em>Selection from <strong>Slavonic Dances<\/strong><\/em><\/p>\n\n\n\n<p class=\"has-text-align-center\">D Major, Op. 46 No. 3<br>E minor, Op. 72 No. 10<br>G Major, Op. 46 No 8<br>&nbsp;<\/p>\n\n\n\n<p class=\"has-text-align-left\"><strong>Johannes Brahms<\/strong> (1833-1897)<\/p>\n\n\n\n<p class=\"has-text-align-center\"><em>Selection from <strong>Waltzes, Op. 39<\/strong><\/em><\/p>\n\n\n\n<p class=\"has-text-align-center\">No. 1 Tempo giusto<br>\nNo. 2<br>\nNo. 3<br>\nNo. 4 Poco sostenuto<br>\nNo. 5<br>\nNo. 6 Vivace<br>\nNo. 15<\/p>\n\n\n\n<p class=\"has-text-align-center\"><em>Selection from <strong>Hungarian Dances<\/strong><\/em><\/p>\n\n\n\n<p class=\"has-text-align-center\">No. 1 Allegro molto<br>\nNo. 4 Poco sostenuto<br>\nNo. 19 Allegretto<br>\nNo. 5 Allegro<\/p>\n\n\n\n<hr class=\"wp-block-separator\"\/>\n\n\n\n<p class=\"has-text-align-center has-large-font-size\"><strong>Artist Biographies<\/strong><\/p>\n\n\n\n<p class=\"has-text-align-center\">Olga Vinokur: <a href=\"https:\/\/www.olgavinokur.com\/biography.html\">https:\/\/www.olgavinokur.com\/biography.html<\/a><\/p>\n\n\n\n<p class=\"has-text-align-center\">David Kalhous: <a href=\"http:\/\/www.davidkalhous.com\/english\">http:\/\/www.davidkalhous.com\/english<\/a><\/p>\n\n\n\n<hr class=\"wp-block-separator\"\/>\n<\/div><\/div>\n\n\n\n<hr class=\"wp-block-separator\"\/>\n\n\n\n<p class=\"has-text-align-center\">If you&#8217;d like to receive Emerson Avenue Salon invitations, you can add yourself to the invitation list <a href=\"https:\/\/emersonavenuesalons.com\/?page_id=1212\">HERE<\/a><\/p>\n","protected":false},"excerpt":{"rendered":"<p>\u00a0 \u00a0 \u00a0\u00a0 Sunday August 8, 2021 Emerson Avenue Salonlines Proudly Presentsa YouTube Broadcast live from New York City! Olga Vinokur &amp; David Kalhous piano four-hands Acclaimed pianists and frequent collaborators Olga Vinokur and David Kalhous join forces to present a program of German and Czech music for piano four-hands.&nbsp; Schubert\u2019s wondrous Fantasia in F [&hellip;]<\/p>\n","protected":false},"author":1,"featured_media":0,"parent":189,"menu_order":0,"comment_status":"closed","ping_status":"closed","template":"","meta":{"footnotes":""},"class_list":["post-4082","page","type-page","status-publish","hentry"],"_links":{"self":[{"href":"https:\/\/emersonavenuesalons.com\/index.php?rest_route=\/wp\/v2\/pages\/4082","targetHints":{"allow":["GET"]}}],"collection":[{"href":"https:\/\/emersonavenuesalons.com\/index.php?rest_route=\/wp\/v2\/pages"}],"about":[{"href":"https:\/\/emersonavenuesalons.com\/index.php?rest_route=\/wp\/v2\/types\/page"}],"author":[{"embeddable":true,"href":"https:\/\/emersonavenuesalons.com\/index.php?rest_route=\/wp\/v2\/users\/1"}],"replies":[{"embeddable":true,"href":"https:\/\/emersonavenuesalons.com\/index.php?rest_route=%2Fwp%2Fv2%2Fcomments&post=4082"}],"version-history":[{"count":0,"href":"https:\/\/emersonavenuesalons.com\/index.php?rest_route=\/wp\/v2\/pages\/4082\/revisions"}],"up":[{"embeddable":true,"href":"https:\/\/emersonavenuesalons.com\/index.php?rest_route=\/wp\/v2\/pages\/189"}],"wp:attachment":[{"href":"https:\/\/emersonavenuesalons.com\/index.php?rest_route=%2Fwp%2Fv2%2Fmedia&parent=4082"}],"curies":[{"name":"wp","href":"https:\/\/api.w.org\/{rel}","templated":true}]}}