{"id":3823,"date":"2021-05-24T04:31:40","date_gmt":"2021-05-24T04:31:40","guid":{"rendered":"https:\/\/emersonavenuesalons.com\/?page_id=3823"},"modified":"2021-06-22T21:10:14","modified_gmt":"2021-06-22T21:10:14","slug":"salonline-2021-05-23-edward-cho-mathilde-handelsman","status":"publish","type":"page","link":"https:\/\/emersonavenuesalons.com\/?page_id=3823","title":{"rendered":"Salonline 2021-05-23 Edward Cho &#038; Mathilde Handelsman"},"content":{"rendered":"\n<p class=\"has-text-align-center\"><a class=\"maxbutton-3 maxbutton maxbutton-button-3-text\" title=\"Click Here to donate (100% Matched!)\" href=\"https:\/\/emersonavenuesalons.com\/?page_id=2935\"><span class='mb-text'>DONATE!<\/span><\/a>&nbsp; &nbsp; <a class=\"maxbutton-3 maxbutton maxbutton-button-3-text\" title=\"Click to Watch YouTube 7:30\" href=\"https:\/\/youtu.be\/59Q2z3TM6zI\"><span class='mb-text'>Watch Salonline<\/span><\/a> &nbsp;&nbsp; <a class=\"maxbutton-3 maxbutton maxbutton-button-3-text\" title=\"Click to see Older Salons\" href=\"https:\/\/emersonavenuesalons.com\/?page_id=189\"><span class='mb-text'>Previous Salons<\/span><\/a><\/p>\n\n\n\n<h2 class=\"has-text-align-center wp-block-heading\">Sunday May<em> <\/em>23, 2021<\/h2>\n\n\n\n<h4 class=\"has-text-align-center wp-block-heading\">Emerson Avenue Salonlines Proudly Presents<br>a live YouTube Broadcast&#8230;<em><br><\/em><\/h4>\n\n\n\n<h1 class=\"has-text-align-center wp-block-heading\" style=\"font-size:48px\">Edward Cho<\/h1>\n\n\n\n<h1 class=\"has-text-align-center has-medium-font-size wp-block-heading\">and <\/h1>\n\n\n\n<h1 class=\"has-text-align-center wp-block-heading\" style=\"font-size:48px\">Mathilde Handelsman<\/h1>\n\n\n\n<p class=\"has-text-align-center\" style=\"font-size:29px\">cello &amp; piano<\/p>\n\n\n\n<p class=\"has-text-align-center has-text-color has-large-font-size\" style=\"color:#307f18\"><strong>From Franck to Rachmaninov <\/strong><\/p>\n\n\n\n<div class=\"wp-block-image\"><figure class=\"aligncenter size-large\"><a href=\"https:\/\/emersonavenuesalons.com\/wp-content\/uploads\/2021\/05\/Mathilde-Handelsman-Edward-Cho-with-Franck-Rachmaninoff-Web.jpg\"><img loading=\"lazy\" decoding=\"async\" width=\"640\" height=\"431\" src=\"https:\/\/emersonavenuesalons.com\/wp-content\/uploads\/2021\/05\/Mathilde-Handelsman-Edward-Cho-with-Franck-Rachmaninoff-Web.jpg\" alt=\"\" class=\"wp-image-3811\" srcset=\"https:\/\/emersonavenuesalons.com\/wp-content\/uploads\/2021\/05\/Mathilde-Handelsman-Edward-Cho-with-Franck-Rachmaninoff-Web.jpg 640w, https:\/\/emersonavenuesalons.com\/wp-content\/uploads\/2021\/05\/Mathilde-Handelsman-Edward-Cho-with-Franck-Rachmaninoff-Web-300x202.jpg 300w, https:\/\/emersonavenuesalons.com\/wp-content\/uploads\/2021\/05\/Mathilde-Handelsman-Edward-Cho-with-Franck-Rachmaninoff-Web-624x420.jpg 624w\" sizes=\"auto, (max-width: 640px) 100vw, 640px\" \/><\/a><\/figure><\/div>\n\n\n\n<p class=\"has-text-align-center has-blue-color has-text-color has-medium-font-size\">Korean-Canadian cellist Edward Cho and French pianist Mathilde Handelsman tackle two monuments of the cello and piano repertoire: the Franck and Rachmaninov Sonatas. Join us for an evening of passionate, fiery Romantic chamber music!<\/p>\n\n\n\n<hr class=\"wp-block-separator\"\/>\n\n\n\n<p class=\"has-text-align-center has-large-font-size\"><strong>PROGRAM<\/strong><\/p>\n\n\n\n<p class=\"has-medium-font-size\"><strong>C\u00e9sar Franck<\/strong><\/p>\n\n\n\n<p class=\"has-text-align-center has-medium-font-size\"><strong>Cello Sonata in A Major (arr. Jules Delsart, 1888)<\/strong><\/p>\n\n\n\n<div style=\"height:12px\" aria-hidden=\"true\" class=\"wp-block-spacer\"><\/div>\n\n\n\n<p class=\"has-medium-font-size\"><strong>Sergei Rachmaninoff<\/strong><\/p>\n\n\n\n<p class=\"has-text-align-center has-medium-font-size\"><strong>Cello Sonata in G minor, Opus 19 (1901)<\/strong><\/p>\n\n\n\n<div class=\"wp-block-group\"><div class=\"wp-block-group__inner-container is-layout-flow wp-block-group-is-layout-flow\">\n<hr class=\"wp-block-separator\"\/>\n\n\n\n<hr class=\"wp-block-separator\"\/>\n\n\n\n<p class=\"has-text-align-center has-large-font-size\"><strong>Biographies<\/strong><\/p>\n<\/div><\/div>\n\n\n\n<p>Recognized for her \u201ccalm technical control, extraordinary vigor, and flawless musicality,\u201d (<em>Derni\u00e8res Nouvelles d\u2019Alsace<\/em>, 2013),<strong> Dr. Mathilde Handelsman<\/strong> is a concert pianist, poet, and educator from Paris, France.<\/p>\n\n\n\n<p>In 2020, Mathilde&#8217;s d\u00e9but album devoted to Claude Debussy, <em>Images<\/em>, was released for Sheva Collection. Passionate about French music, she regularly gives lecture-recitals on Debussy and champions the piano works of the late Roger Boutry (Grand Prix de Rome, 1954).<\/p>\n\n\n\n<p>Highlights from the 2019-2020 concert season featured Mathilde alongside Nicolas Namoradze at the inauguration of the Tanglewood Learning Institute in a highly acclaimed two-piano performance. Recent festival appearances include the Tanglewood Music Center, Sarasota Music Festival, and the Wissembourg International Music Festival. Next season, Mathilde will d\u00e9but at Carnegie Hall as a 1st Prize winner of the 2021 American Prot\u00e9g\u00e9 Concerto Competition.<\/p>\n\n\n\n<p>Mathilde was born in Paris to a family of musicians and painters. Her principal teachers are Menahem Pressler, John O&#8217;Conor, and Laurent Cabasso. She has also received guidance from Emanuel Ax, Garrick Ohlsson, Peter Serkin, and Robert Levin. After graduating from the Acad\u00e9mie Sup\u00e9rieure de Musique de Strasbourg, Mathilde furthered her studies at the Jacobs School of Music of Indiana University-Bloomington. In 2020, she graduated from the Doctor of Musical Arts degree at Shenandoah University.<\/p>\n\n\n\n<p>Dr. Mathilde Handelsman currently serves as a Resident Artist and piano faculty at the University of New Hampshire. Her work as a poet includes two published volumes,<em> Pr\u00e9-sage <\/em>(2016) and<em> L\u2019Absurde G\u00e9nie des fleurs<\/em> (2017).<\/p>\n\n\n\n<hr class=\"wp-block-separator\"\/>\n\n\n\n<p><strong>Edward Cho<\/strong> is a Canadian-Korean cellist, originally from Saint John, New Brunswick, Canada. He has been a two-time grand winner of the Competitive Music Festival of New Brunswick, winner of the Ken Murray Concerto Competition, and the Third Prize Winner at the Elora TD Canada Trust Competition.<\/p>\n\n\n\n<p>As a chamber musician, Cho has studied under several acclaimed groups and individuals, including the Takacs Quartet, Tafelmusik Baroque Orchestra, Stanley Ritchie, Anne Epperson, the Pacifica Quartet, Mark Kaplan, Kevork Mardirossian, Joseph Swensen, and the Penderecki Quartet.<\/p>\n\n\n\n<p>Cho has been featured as the soloist with Kitchener-Waterloo Symphony, Stratford Symphony, Wilfrid Laurier University Orchestra, and Symphony New Brunswick. Moreover, Cho used to be a piano major. In 2010, he performed both Edvard Grieg\u2019s piano concerto and Edward Elgar\u2019s cello concerto in a single evening titled \u2018Three Edwards\u2019 with the University of Waterloo Orchestra.<\/p>\n\n\n\n<p>Having accumulated a unique variety of experience throughout his studies, including conducting, Baroque cello, and advanced music theory, Cho\u2019s desire is to share this wealth of knowledge and a profound joy of music through his performances. Further, having been a mechatronics engineering student with an interest in theoretical physics before music, Cho enjoys serving as a catalyst between the ever-evolving technological advancements and the musical world.<\/p>\n\n\n\n<p>He is currently based in Winchester, Virginia, where he is completing his doctoral studies at Shenandoah University with Julian Schwarz. He has earned degrees at Indiana University (M.M. and P.D.) with Peter Stumpf and Wilfrid Laurier University (B.Mus.) with Paul Pulford.<\/p>\n\n\n\n<p>Check out Edward&#8217;s website here:<\/p>\n\n\n\n<p class=\"has-text-align-center\"><a href=\"http:\/\/choedward.com\">http:\/\/choedward.com<\/a><\/p>\n\n\n\n<hr class=\"wp-block-separator\"\/>\n\n\n\n<p class=\"has-text-align-center\">If you&#8217;d like to receive Emerson Avenue Salon invitations, you can add yourself to the invitation list <a href=\"https:\/\/emersonavenuesalons.com\/?page_id=1212\">HERE<\/a><\/p>\n","protected":false},"excerpt":{"rendered":"<p>&nbsp; &nbsp; &nbsp;&nbsp; Sunday May 23, 2021 Emerson Avenue Salonlines Proudly Presentsa live YouTube Broadcast&#8230; Edward Cho and Mathilde Handelsman cello &amp; piano From Franck to Rachmaninov Korean-Canadian cellist Edward Cho and French pianist Mathilde Handelsman tackle two monuments of the cello and piano repertoire: the Franck and Rachmaninov Sonatas. Join us for an evening [&hellip;]<\/p>\n","protected":false},"author":1,"featured_media":0,"parent":189,"menu_order":0,"comment_status":"closed","ping_status":"closed","template":"","meta":{"footnotes":""},"class_list":["post-3823","page","type-page","status-publish","hentry"],"_links":{"self":[{"href":"https:\/\/emersonavenuesalons.com\/index.php?rest_route=\/wp\/v2\/pages\/3823","targetHints":{"allow":["GET"]}}],"collection":[{"href":"https:\/\/emersonavenuesalons.com\/index.php?rest_route=\/wp\/v2\/pages"}],"about":[{"href":"https:\/\/emersonavenuesalons.com\/index.php?rest_route=\/wp\/v2\/types\/page"}],"author":[{"embeddable":true,"href":"https:\/\/emersonavenuesalons.com\/index.php?rest_route=\/wp\/v2\/users\/1"}],"replies":[{"embeddable":true,"href":"https:\/\/emersonavenuesalons.com\/index.php?rest_route=%2Fwp%2Fv2%2Fcomments&post=3823"}],"version-history":[{"count":0,"href":"https:\/\/emersonavenuesalons.com\/index.php?rest_route=\/wp\/v2\/pages\/3823\/revisions"}],"up":[{"embeddable":true,"href":"https:\/\/emersonavenuesalons.com\/index.php?rest_route=\/wp\/v2\/pages\/189"}],"wp:attachment":[{"href":"https:\/\/emersonavenuesalons.com\/index.php?rest_route=%2Fwp%2Fv2%2Fmedia&parent=3823"}],"curies":[{"name":"wp","href":"https:\/\/api.w.org\/{rel}","templated":true}]}}