{"id":3308,"date":"2020-12-08T00:59:38","date_gmt":"2020-12-08T00:59:38","guid":{"rendered":"https:\/\/emersonavenuesalons.com\/?page_id=3308"},"modified":"2020-12-08T01:04:39","modified_gmt":"2020-12-08T01:04:39","slug":"salonline-2020-12-06-howard-and-jeremy-bass","status":"publish","type":"page","link":"https:\/\/emersonavenuesalons.com\/?page_id=3308","title":{"rendered":"Salonline 2020-12-06 Howard and Jeremy Bass"},"content":{"rendered":"<p style=\"text-align: center;\"><a class=\"maxbutton-3 maxbutton maxbutton-button-3-text\" title=\"Click Here to donate (100% Matched!)\" href=\"https:\/\/emersonavenuesalons.com\/?page_id=2935\"><span class='mb-text'>DONATE!<\/span><\/a>\u00a0 \u00a0 <a class=\"maxbutton-3 maxbutton maxbutton-button-3-text\" title=\"Click to Watch YouTube 7:30\" href=\"https:\/\/youtu.be\/BLyynfmVjzs\"><span class='mb-text'>Watch Salonline<\/span><\/a>\u00a0\u00a0 <a class=\"maxbutton-3 maxbutton maxbutton-button-3-text\" title=\"Click to see Older Salons\" href=\"https:\/\/emersonavenuesalons.com\/?page_id=189\"><span class='mb-text'>Previous Salons<\/span><\/a><\/p>\n<hr \/>\n<h2 style=\"text-align: center;\"><em>Sunday December 6<\/em>, 2020<\/h2>\n<h1 style=\"text-align: center;\">Howard Bass and Jeremy Bass<\/h1>\n<h3 style=\"text-align: center;\">lutes and guitars<\/h3>\n<h2 style=\"text-align: center;\"><strong>&#8220;A Little Bit (More) of Pluck<\/strong>&#8220;<\/h2>\n<div style=\"text-align: center;\"><a href=\"https:\/\/emersonavenuesalons.com\/wp-content\/uploads\/2020\/12\/Howard-and-Jeremy-Bass-Collage-Photos-by-Maura-B-Web.jpg\"><img loading=\"lazy\" decoding=\"async\" class=\"aligncenter size-full wp-image-3301\" src=\"https:\/\/emersonavenuesalons.com\/wp-content\/uploads\/2020\/12\/Howard-and-Jeremy-Bass-Collage-Photos-by-Maura-B-Web.jpg\" alt=\"\" width=\"600\" height=\"367\" srcset=\"https:\/\/emersonavenuesalons.com\/wp-content\/uploads\/2020\/12\/Howard-and-Jeremy-Bass-Collage-Photos-by-Maura-B-Web.jpg 600w, https:\/\/emersonavenuesalons.com\/wp-content\/uploads\/2020\/12\/Howard-and-Jeremy-Bass-Collage-Photos-by-Maura-B-Web-300x184.jpg 300w\" sizes=\"auto, (max-width: 600px) 100vw, 600px\" \/><\/a>\u00a0Photos courtesy of Maura B. McConnell<\/div>\n<div style=\"text-align: center;\">\n<hr \/>\n<\/div>\n<h6 style=\"text-align: center;\">In the year 1986, when Jeremy Bass was three he asked his dad, Howard, if he could hold a lute. He held the lute carefully and gently drew his fingers across the strings. Perhaps here a seed was planted: Fast forward to 2020, and we find Jeremy with a Doctorate of Musical Arts, a Fulbright Fellowship, a CD with the first recordings of sonatas by David del Puerto, with an extensive performing resume. Meanwhile, Howard has not been altogether idle as a musician, while also holding down a job as a program producer at the Smithsonian. He is a member of Trio Sefardi (which performed recently on the Emerson Avenue Salon series) and a co-founder La Rondinella; he has been a guest artist with a wide range of ensembles, recorded extensively, and was for more than fifteen years the guitar accompanist for National Heritage Fellowship awardee, Flory Jagoda, as well as performing lute song programs for more than three decades with beloved Washington-area mezzo-soprano Barbara Hollinshead. The Bass-Bass duo debuted in October at the Barns of Rose Hill in Berryville, Virginia, Jeremy\u2019s hometown.<\/h6>\n<h1 style=\"text-align: center;\">Program<\/h1>\n<p style=\"text-align: center;\"><strong><em>La rossignol<\/em><\/strong>\u00a0 &#8212;\u00a0 <strong>Anonymous<\/strong> (Pickering Ms.)<\/p>\n<p style=\"text-align: center;\"><strong><em>Drewries accordes<\/em><\/strong>\u00a0 &#8212;\u00a0 <strong>Anonymous<\/strong> (Pickering Ms.)<\/p>\n<p style=\"text-align: center;\"><strong><em>Flatt Pavan and Galliard<\/em><\/strong>\u00a0 &#8212;\u00a0 <strong>John Johnson<\/strong>, ca. 1545 \u2013 1594 (Jane Pickering Ms., ca. 1616 &#8211; 1645)<\/p>\n<p style=\"text-align: center;\"><strong><em>A Fancy<\/em><\/strong>\u00a0 &#8212;\u00a0 <strong>John Danyel<\/strong>, 1564 \u2013 c. 1626<\/p>\n<p style=\"text-align: center;\"><strong><em>Galliard after Laveche<\/em><\/strong>\u00a0 &#8212;\u00a0 <strong>Anonymous<\/strong>, ca. 1600<\/p>\n<p style=\"text-align: center;\"><strong><em>Greensleeves Treble and Ground<\/em><\/strong>\u00a0 &#8212;\u00a0 <strong>Anonymous<\/strong> (Folger \u201cDowland\u201d Ms.)<\/p>\n<p style=\"text-align: center;\"><strong><em>Lord Willoughby\u2019s Welcome Home<\/em><\/strong>\u00a0 &#8212;\u00a0 <strong>John Dowland<\/strong> (Folger \u201cDowland\u201d Ms.; 2<sup>nd<\/sup> part Sampson Lutebook)<\/p>\n<p style=\"text-align: center;\"><strong><em>Spagna for Two Lutes<\/em><\/strong>\u00a0 &#8212;\u00a0 <strong>Francesco Canova da Milano<\/strong>, 1497 &#8211; 1543<\/p>\n<p style=\"text-align: center;\"><strong><em>Fantasia Sexta<\/em><\/strong> (No. 67)\u00a0 &#8212;\u00a0 <strong>Francesco<\/strong>, 2<sup>nd<\/sup> part by <strong>Johannes Matelart<\/strong>, before 1538 \u2013 1607, published 1559<\/p>\n<p style=\"text-align: center;\"><strong><em>Canon for 2 Lutes<\/em><\/strong>\u00a0 &#8212;\u00a0 <strong>Francesco<\/strong><\/p>\n<p style=\"text-align: center;\"><strong><em>Dos Interludios<\/em>\u00a0 &#8212;\u00a0 David del Puerto<\/strong>, b. 1964<br \/>\nSunset in Toledo<br \/>\nGrand Place, la nuit<\/p>\n<p style=\"text-align: center;\"><strong><em>Divertimento<\/em><\/strong>\u00a0 &#8212;\u00a0 <strong>Andres Segovia<\/strong>, 1893 \u2013 1987<\/p>\n<p style=\"text-align: center;\"><strong><em>Zarabanda Lejana<\/em><\/strong>\u00a0 &#8212;\u00a0 <strong>Joaquin Rodrigo<\/strong>, 1901 \u2013 1999<\/p>\n<p style=\"text-align: center;\"><strong><em>Canci\u00f3n de Cuna<\/em><\/strong> (\u201cDrume negrita\u201d)\u00a0 &#8212;\u00a0 <strong>Leo Brouwer<\/strong>, b. 1939<\/p>\n<p style=\"text-align: center;\"><strong><em>\u00c1gua e Vinho<\/em><\/strong>\u00a0 &#8212;\u00a0 <strong>Egberto Gismonti<\/strong>, b. 1947 (arr. <strong>Daniel Wolff<\/strong>)<\/p>\n<p style=\"text-align: center;\"><strong><em>Musica Incidental Campesina<\/em><\/strong>\u00a0 &#8212;\u00a0 <strong>Brouwer<\/strong><br \/>\nPreludio<br \/>\nInterludio<br \/>\nDanza<br \/>\nFinal<\/p>\n<p style=\"text-align: center;\"><strong><em>Yesterday<\/em><\/strong>\u00a0 &#8212;\u00a0 <strong>John Lennon\/Paul McCartney<\/strong>, arr. <strong>Toru Takemitsu<\/strong>, 1930 \u2013 1996<\/p>\n<p style=\"text-align: center;\"><strong><em>Fool on the Hill<\/em><\/strong>\u00a0 &#8212;\u00a0 <strong>Lennon\/McCartney<\/strong>, arr. <strong>Brouwer<\/strong><\/p>\n<hr \/>\n<h1 style=\"text-align: center;\">Biography<\/h1>\n<div>\n<p><strong>Jeremy Bass<\/strong> is an avid proponent of contemporary chamber music for guitar and enjoys exploring the rich historical literature for plucked strings. He holds graduate degrees from the University of Kentucky and Columbus State University. Jeremy was a 2018-2019 Fulbright Scholar at the Universidad Complutense de Madrid, researching contemporary Spanish guitar music, and studying early music with Jes\u00fas S\u00e1nchez and Eduardo Eg\u00fcez. Jeremy\u2019s solo debut recording, \u201cDavid del Puerto: Guitar Sonatas, Volume 1\u201d is available on Orpheus Classical. He can also be heard on Wolf and Clover\u2019s self-titled album. <a href=\"http:\/\/www.jeremyandrewbass.com\">www.jeremyandrewbass.com<\/a><\/p>\n<p>&nbsp;<\/p>\n<p><strong>Howard Bass<\/strong> is a founding member of Trio Sefardi and was a founding member of the early and Sephardic music ensemble, La Rondinella, with which he recorded three CDs for the Dorian label. He performs programs of Renaissance music for voice and lute with mezzo-soprano Barbara Hollinshead and was an accompanist for Sephardic singer-composer Flory Jagoda for many years. In addition to three CDs with Barbara Hollinshead and three with Trio Sefardi, Howard has performed and recorded with HESPERUS, the Smithsonian Chamber Players, the Folger Consort, the Baltimore Consort, and the Choral Arts Society of Washington, among others. Howard was a program producer at the Smithsonian\u2019s National Museum of American History and the National Museum of the American Indian for three decades before retiring at the end of 2010. <a href=\"http:\/\/www.hollinsheadbass.com\">www.hollinsheadbass.com<\/a>; <a href=\"http:\/\/www.triosefardi.com\">www.triosefardi.com<\/a><\/p>\n<\/div>\n","protected":false},"excerpt":{"rendered":"<p>\u00a0 \u00a0 \u00a0\u00a0 Sunday December 6, 2020 Howard Bass and Jeremy Bass lutes and guitars &#8220;A Little Bit (More) of Pluck&#8220; \u00a0Photos courtesy of Maura B. McConnell In the year 1986, when Jeremy Bass was three he asked his dad, Howard, if he could hold a lute. He held the lute carefully and gently drew [&hellip;]<\/p>\n","protected":false},"author":1,"featured_media":0,"parent":189,"menu_order":0,"comment_status":"closed","ping_status":"closed","template":"","meta":{"footnotes":""},"class_list":["post-3308","page","type-page","status-publish","hentry"],"_links":{"self":[{"href":"https:\/\/emersonavenuesalons.com\/index.php?rest_route=\/wp\/v2\/pages\/3308","targetHints":{"allow":["GET"]}}],"collection":[{"href":"https:\/\/emersonavenuesalons.com\/index.php?rest_route=\/wp\/v2\/pages"}],"about":[{"href":"https:\/\/emersonavenuesalons.com\/index.php?rest_route=\/wp\/v2\/types\/page"}],"author":[{"embeddable":true,"href":"https:\/\/emersonavenuesalons.com\/index.php?rest_route=\/wp\/v2\/users\/1"}],"replies":[{"embeddable":true,"href":"https:\/\/emersonavenuesalons.com\/index.php?rest_route=%2Fwp%2Fv2%2Fcomments&post=3308"}],"version-history":[{"count":0,"href":"https:\/\/emersonavenuesalons.com\/index.php?rest_route=\/wp\/v2\/pages\/3308\/revisions"}],"up":[{"embeddable":true,"href":"https:\/\/emersonavenuesalons.com\/index.php?rest_route=\/wp\/v2\/pages\/189"}],"wp:attachment":[{"href":"https:\/\/emersonavenuesalons.com\/index.php?rest_route=%2Fwp%2Fv2%2Fmedia&parent=3308"}],"curies":[{"name":"wp","href":"https:\/\/api.w.org\/{rel}","templated":true}]}}