{"id":2700,"date":"2020-05-12T02:58:24","date_gmt":"2020-05-12T02:58:24","guid":{"rendered":"https:\/\/emersonavenuesalons.com\/?page_id=2700"},"modified":"2022-03-29T03:38:53","modified_gmt":"2022-03-29T03:38:53","slug":"salonline-2020-05-10-klasinc-loncar-duo","status":"publish","type":"page","link":"https:\/\/emersonavenuesalons.com\/?page_id=2700","title":{"rendered":"Salonline 2020-05-10 Klasinc &#038; Lon\u010dar Duo"},"content":{"rendered":"<p style=\"text-align: center;\">You can watch this full broadcast performance!<span style=\"color: #0000ff;\"> <a style=\"color: #0000ff;\" href=\"https:\/\/youtu.be\/P8GFH6mlfJs\"><strong>Just Click Here<\/strong><\/a><\/span><\/p>\n<h2 style=\"text-align: center;\"><em>Sunday May 10<\/em>, 2020<\/h2>\n<h1 style=\"text-align: center;\">Klasinc &amp; Lon\u010dar Duo<\/h1>\n<h3 style=\"text-align: center;\">LOVE, JOY, AND BEAUTY<\/h3>\n<h3 style=\"text-align: center;\"><a href=\"https:\/\/emersonavenuesalons.com\/wp-content\/uploads\/2020\/04\/Miroslav-Loncar-Natasa-Klasinc-Porch.jpg\"><img loading=\"lazy\" decoding=\"async\" class=\"aligncenter size-full wp-image-2688\" src=\"https:\/\/emersonavenuesalons.com\/wp-content\/uploads\/2020\/04\/Miroslav-Loncar-Natasa-Klasinc-Porch.jpg\" alt=\"\" width=\"834\" height=\"1349\" srcset=\"https:\/\/emersonavenuesalons.com\/wp-content\/uploads\/2020\/04\/Miroslav-Loncar-Natasa-Klasinc-Porch.jpg 834w, https:\/\/emersonavenuesalons.com\/wp-content\/uploads\/2020\/04\/Miroslav-Loncar-Natasa-Klasinc-Porch-185x300.jpg 185w, https:\/\/emersonavenuesalons.com\/wp-content\/uploads\/2020\/04\/Miroslav-Loncar-Natasa-Klasinc-Porch-633x1024.jpg 633w, https:\/\/emersonavenuesalons.com\/wp-content\/uploads\/2020\/04\/Miroslav-Loncar-Natasa-Klasinc-Porch-768x1242.jpg 768w, https:\/\/emersonavenuesalons.com\/wp-content\/uploads\/2020\/04\/Miroslav-Loncar-Natasa-Klasinc-Porch-624x1009.jpg 624w\" sizes=\"auto, (max-width: 834px) 100vw, 834px\" \/><\/a><\/h3>\n<h3 style=\"text-align: center;\">Natasa Klasinc and Miroslav Lon\u010dar will present a program of romantic and meditative music that depicts love, joy, and beauty. The program will include Lon\u010dar\u2019s own contemplative compositions based on Dalmatian folk songs, Fritz Kreisler\u2019s famous <b><i>Love\u2019s Joy<\/i><\/b>, <i><b>Tango, Milonga y Final<\/b><\/i> &#8211; Pujol\u2019s passionate trilogy rooted in Argentinian tango, Schubert\u2019s impassioned <i><b>Serenade<\/b><\/i>, the flavorful <b><i>Agua e vino<\/i><\/b> by the Brazilian composer Gismonti, the longing <i><b>Cavatina<\/b><\/i> from the Deer Hunter, and a few more delights.<\/h3>\n<h1 style=\"text-align: center;\">PROGRAM<\/h1>\n<p style=\"text-align: center;\"><strong>St\u00e4ndchen \u2026\u2026\u2026\u2026\u2026\u2026\u2026&#8230;&#8230;&#8230;&#8230;&#8230;&#8230;&#8230;&#8230;&#8230;..\u2026\u2026\u2026 Franz Schubert<br \/>\n<\/strong><\/p>\n<p style=\"text-align: center;\"><strong>Waltz *\u2026\u2026\u2026\u2026\u2026\u2026\u2026..\u2026\u2026\u2026\u2026\u2026\u2026\u2026\u2026\u2026\u2026\u2026\u2026\u2026\u2026 Frederic Chopin<\/strong><\/p>\n<p style=\"text-align: center;\"><strong>Liebesfreud *\u2026\u2026\u2026\u2026\u2026\u2026\u2026\u2026\u2026\u2026\u2026\u2026\u2026\u2026.\u2026&#8230;\u2026\u2026\u2026\u2026Fritz Kreisler<\/strong><\/p>\n<p style=\"text-align: center;\"><strong>Cavatina *\u2026\u2026\u2026\u2026\u2026\u2026\u2026\u2026\u2026\u2026.\u2026\u2026\u2026\u2026\u2026.\u2026\u2026\u2026\u2026\u2026.. Stanley Myers<\/strong><\/p>\n<p style=\"text-align: center;\"><strong>Milonga\u2026\u2026\u2026\u2026\u2026\u2026\u2026\u2026\u2026\u2026\u2026\u2026\u2026\u2026\u2026\u2026\u2026\u2026\u2026\u2026\u2026\u2026\u2026.. Jorge Cardoso<\/strong><\/p>\n<p style=\"text-align: center;\"><strong>Three Dalmatian Fantasies \u2026\u2026\u2026\u2026\u2026\u2026\u2026\u2026\u2026\u2026\u2026Miroslav Lon\u010dar<\/strong><br \/>\n<strong>The Boat<\/strong><br \/>\n<strong>The Fisherman<\/strong><br \/>\n<strong>Thea Sea<\/strong><br \/>\n<strong>Agua y vinho *\u2026\u2026\u2026\u2026\u2026\u2026\u2026\u2026\u2026\u2026\u2026\u2026\u2026\u2026\u2026..\u2026\u2026..Egberto Gismonti<\/strong><\/p>\n<p style=\"text-align: center;\"><strong>Tango, Milonga, y Final \u2026\u2026\u2026\u2026\u2026\u2026\u2026\u2026\u2026..\u2026\u2026 Maximo Diego Pujol<\/strong><\/p>\n<h1 style=\"text-align: center;\">BIOs<\/h1>\n<p style=\"text-align: center;\">\u201c\u2026<em><strong>precise ensemble\u2026 high degree of technical mastery\u2026 stunning.<\/strong><\/em>\u201d<\/p>\n<p style=\"text-align: center;\">\u2015Soundboard.<\/p>\n<p style=\"text-align: center;\">One of the highly experienced guitar duos, Klasinc &amp; Lon\u010dar have been concertizing for over twenty-five years. This husband-and-wife duo has performed at numerous music festivals and concert series across the United States, Canada, the Caribbean, and Europe. Their performances have been described as \u201ceye-opening\u201d, \u201coutstanding\u201d, \u201cone of the best\u201d, a \u201cmoving musical experience\u201d, \u201cenlightening\u201d, \u201csparkling\u201d, and \u201cperformed with uncommon virtuosity and musicality of the highest order\u201d by concert presenters and music critics on both continents. Klasinc &amp; Lon\u010dar\u2019s concert programs often blend baroque, classical and romantic compositions with Lon\u010dar\u2019s original works, transcriptions, and arrangements of Croatian and other Mediterranean folk styles and music of the Viennese tradition.<\/p>\n<p style=\"text-align: center;\"><strong>Nata\u0161a Klasinc<\/strong> and <strong>Miroslav Lon\u010dar<\/strong> formed their duo at the University of Graz, Austria, where they both studied the classical guitar with Marga B\u00e4uml and Martin Myslive\u010dek. They received their Doctor of Musical Arts degrees from the University of Southern Mississippi. Klasinc &amp; Lon\u010dar were winners of the Best Guitar Duo prize at the International Guitar Competition Toyoko Yamashita in Berlin. The duo has been performing internationally for over thirty years, having given concerts at the Guitar Foundation of America Conference in Los Angeles, the Tucson Guitar Society, the San Francisco Guitar Society, the University of Ottawa, the University of Puerto Rico, the Marlow Guitar Series, the European Guitar Teachers Association, the Appalachian GuitarFest, Tennessee Guitar Festival, the Eastern Shore Guitar Festival, the Vicksburg International Chamber Music Festival, and the Classical Guitar Ensemble Week in New Orleans, and many more. The duo has been featured as soloists with the Gaudeamus Chamber Orchestra, the Karlovac Chamber Orchestra, and the Split Opera Chamber Orchestra in Croatia; with the Camerata Academica in Austria; and with the Metropolitan Chamber Orchestra in the U.S. In addition to performing and teaching, Miroslav Lon\u010dar is also active as a composer. A grant from the Music Teachers National Association enabled him to study composition with Du\u0161an Bogdanovi\u0107 in San Francisco. Most of his music has been published through Les Productions D\u2019Oz in Canada and has been played around the world. Miroslav has served as a member of the Education Committee for the Guitar&nbsp; Foundation of America. Nata\u0161a Klasinc won numerous prizes at a number of national competitions in Croatia, including the Competition for Music Artists of Yugoslavia. While a student in Graz, she was a recipient of the Austrian National Scholarship. Nata\u0161a was also a winner of the University of Southern Mississippi Symphony Concerto Competition.<\/p>\n<p style=\"text-align: center;\">Klasinc &amp; Lon\u010dar can be heard on CD recordings: <em><strong>Images\u2013works for two guitars<\/strong><\/em>, <em><strong>Con Spirito<\/strong><\/em>\u2013mostly Lon\u010dar\u2019s transcriptions for two guitars and cello, CD for the music book <em><strong>Danzas of Puerto Rico<\/strong><\/em>, the <em><strong>Aguado Guitar Concerts Christmas Album<\/strong><\/em>, and Lon\u010dar\u2019s album of original music <em><strong>A Fantastic Journey<\/strong><\/em>.<\/p>\n<h1 style=\"text-align: center;\">HOW TO WATCH<\/h1>\n<p style=\"text-align: center;\">You can watch this full broadcast performance! Just click the following link:<\/p>\n<h2 style=\"text-align: center;\"><a href=\"https:\/\/youtu.be\/P8GFH6mlfJs\"><strong>Watch the Salonline on YouTube<\/strong><\/a><\/h2>\n<h2 style=\"text-align: center;\">or: https:\/\/youtu.be\/P8GFH6mlfJs<\/h2>\n<p style=\"text-align: center;\">Note that you can&#8217;t add to the &#8220;chat&#8221; comments but we encourage you to make comments (but you have to have a Google or YouTube login.)<\/p>\n","protected":false},"excerpt":{"rendered":"<p>You can watch this full broadcast performance! Just Click Here Sunday May 10, 2020 Klasinc &amp; Lon\u010dar Duo LOVE, JOY, AND BEAUTY Natasa Klasinc and Miroslav Lon\u010dar will present a program of romantic and meditative music that depicts love, joy, and beauty. The program will include Lon\u010dar\u2019s own contemplative compositions based on Dalmatian folk songs, [&hellip;]<\/p>\n","protected":false},"author":1,"featured_media":0,"parent":189,"menu_order":0,"comment_status":"closed","ping_status":"closed","template":"","meta":{"footnotes":""},"class_list":["post-2700","page","type-page","status-publish","hentry"],"_links":{"self":[{"href":"https:\/\/emersonavenuesalons.com\/index.php?rest_route=\/wp\/v2\/pages\/2700","targetHints":{"allow":["GET"]}}],"collection":[{"href":"https:\/\/emersonavenuesalons.com\/index.php?rest_route=\/wp\/v2\/pages"}],"about":[{"href":"https:\/\/emersonavenuesalons.com\/index.php?rest_route=\/wp\/v2\/types\/page"}],"author":[{"embeddable":true,"href":"https:\/\/emersonavenuesalons.com\/index.php?rest_route=\/wp\/v2\/users\/1"}],"replies":[{"embeddable":true,"href":"https:\/\/emersonavenuesalons.com\/index.php?rest_route=%2Fwp%2Fv2%2Fcomments&post=2700"}],"version-history":[{"count":0,"href":"https:\/\/emersonavenuesalons.com\/index.php?rest_route=\/wp\/v2\/pages\/2700\/revisions"}],"up":[{"embeddable":true,"href":"https:\/\/emersonavenuesalons.com\/index.php?rest_route=\/wp\/v2\/pages\/189"}],"wp:attachment":[{"href":"https:\/\/emersonavenuesalons.com\/index.php?rest_route=%2Fwp%2Fv2%2Fmedia&parent=2700"}],"curies":[{"name":"wp","href":"https:\/\/api.w.org\/{rel}","templated":true}]}}