{"id":2203,"date":"2019-02-02T22:32:07","date_gmt":"2019-02-02T22:32:07","guid":{"rendered":"https:\/\/emersonavenuesalons.com\/?page_id=2203"},"modified":"2019-02-02T22:44:09","modified_gmt":"2019-02-02T22:44:09","slug":"salon-2018-12-2-16-double-c-piano-duo-with-barbara-cackler-and-rosanne-conway","status":"publish","type":"page","link":"https:\/\/emersonavenuesalons.com\/?page_id=2203","title":{"rendered":"Salon 2018-12-16 &#8220;Double-C Piano Duo&#8221; with Barbara Cackler and Rosanne Conway"},"content":{"rendered":"\n<h2 class=\"wp-block-heading\">Sunday December 16, 2018 in Mclean<\/h2>\n\n\n\n<h3 class=\"wp-block-heading\">Emerson Avenue Salons Proudly and Joyfully Presents<\/h3>\n\n\n\n<h1 class=\"wp-block-heading\">The Double-C Piano Duo!<\/h1>\n\n\n\n<h1 class=\"wp-block-heading\"><a href=\"https:\/\/emersonavenuesalons.com\/wp-content\/uploads\/2013\/09\/Cackler-Conway-DoubleCDuo2-Xmas-Piano-Background-Added-Web.jpg\"><\/a><\/h1>\n\n\n\n<h1 class=\"wp-block-heading\">A Program of Fun Holiday Music<\/h1>\n\n\n\n<h2 class=\"wp-block-heading\">with<\/h2>\n\n\n\n<h1 class=\"wp-block-heading\">Barbara Cackler and Rosanne Conway<\/h1>\n\n\n\n<h3 class=\"wp-block-heading\">&nbsp;Piano Four-Hands<\/h3>\n\n\n\n<div class=\"wp-block-image\"><figure class=\"aligncenter\"><a href=\"https:\/\/emersonavenuesalons.com\/wp-content\/uploads\/2018\/12\/Piano-7-Hands.jpg\"><img loading=\"lazy\" decoding=\"async\" width=\"450\" height=\"137\" src=\"https:\/\/emersonavenuesalons.com\/wp-content\/uploads\/2018\/12\/Piano-7-Hands.jpg\" alt=\"\" class=\"wp-image-1981\" srcset=\"https:\/\/emersonavenuesalons.com\/wp-content\/uploads\/2018\/12\/Piano-7-Hands.jpg 450w, https:\/\/emersonavenuesalons.com\/wp-content\/uploads\/2018\/12\/Piano-7-Hands-300x91.jpg 300w\" sizes=\"auto, (max-width: 450px) 100vw, 450px\" \/><\/a><\/figure><\/div>\n\n\n\n<h1 class=\"wp-block-heading\"><strong>PROGRAM<\/strong><\/h1>\n\n\n\n<p>Sleigh Ride&nbsp;&nbsp;&nbsp;&nbsp;&nbsp;&nbsp;&nbsp;&nbsp;&nbsp;&nbsp;&nbsp;&nbsp;&nbsp;&nbsp;&nbsp;&nbsp;&nbsp;&nbsp;&nbsp;&nbsp;&nbsp;&nbsp;&nbsp;&nbsp;&nbsp;&nbsp;&nbsp; &nbsp;&nbsp;&nbsp;&nbsp;&nbsp;&nbsp;&nbsp;&nbsp;&nbsp;&nbsp;&nbsp;&nbsp;&nbsp;&nbsp;&nbsp; Leroy Anderson (arr. M. Edwards)<\/p>\n\n\n\n<p>Jesu, Joy of Man\u2019s Desiring&nbsp;&nbsp;&nbsp;&nbsp;&nbsp;&nbsp;&nbsp;&nbsp;&nbsp;&nbsp;&nbsp;&nbsp;&nbsp;&nbsp; J.S. Bach (arr. L. Duck)<\/p>\n\n\n\n<p>Selections from <em>Jeux d\u2019Enfants:&nbsp;&nbsp;&nbsp;&nbsp;&nbsp;&nbsp; <\/em>Georges Bizet (arr. D. Goldberger)<\/p>\n\n\n\n<p><em>The Top<\/em><br><em>The Bugler and the Drummer<\/em><br><em>The Ball<\/em><\/p>\n\n\n\n<p>Ellen\u2019s Gesang (Ave Maria)&nbsp;&nbsp;&nbsp;&nbsp;&nbsp;&nbsp;&nbsp;&nbsp;&nbsp;&nbsp;&nbsp;&nbsp;&nbsp;&nbsp; F. Schubert (arr. F. Liszt\/G. Anderson)<\/p>\n\n\n\n<p>Fantasia on <em>Greensleeves&nbsp; <\/em>&nbsp;&nbsp;&nbsp;&nbsp;&nbsp;&nbsp;&nbsp;&nbsp;&nbsp;&nbsp;&nbsp;&nbsp;&nbsp;&nbsp;&nbsp; Ralph Vaughan Williams (arr. H. Foss)<\/p>\n\n\n\n<p>Fum, Fum, Fum&nbsp;&nbsp;&nbsp;&nbsp;&nbsp;&nbsp;&nbsp;&nbsp;&nbsp;&nbsp;&nbsp;&nbsp;&nbsp;&nbsp;&nbsp;&nbsp;&nbsp;&nbsp;&nbsp;&nbsp;&nbsp;&nbsp;&nbsp;&nbsp;&nbsp;&nbsp;&nbsp;&nbsp;&nbsp;&nbsp;&nbsp;&nbsp;&nbsp;&nbsp; Trad. Catalonian (arr. H. Sorenson)<\/p>\n\n\n\n<p>Coventry Carol&nbsp;&nbsp;&nbsp;&nbsp;&nbsp;&nbsp;&nbsp;&nbsp;&nbsp;&nbsp;&nbsp;&nbsp;&nbsp;&nbsp;&nbsp;&nbsp;&nbsp;&nbsp;&nbsp;&nbsp;&nbsp;&nbsp;&nbsp;&nbsp;&nbsp;&nbsp;&nbsp;&nbsp;&nbsp;&nbsp;&nbsp;&nbsp;&nbsp;&nbsp;&nbsp; Trad. English (arr. C. Berry)<\/p>\n\n\n\n<p>Ding! Dong! Merrily on High&nbsp;&nbsp;&nbsp;&nbsp;&nbsp;&nbsp;&nbsp;&nbsp;&nbsp;&nbsp;&nbsp;&nbsp; Trad. French (arr. C. Berry)<\/p>\n\n\n\n<p>Nutcracker Suite&nbsp;&nbsp;&nbsp;&nbsp;&nbsp;&nbsp;&nbsp;&nbsp;&nbsp;&nbsp;&nbsp;&nbsp;&nbsp;&nbsp;&nbsp;&nbsp;&nbsp;&nbsp;&nbsp;&nbsp;&nbsp;&nbsp;&nbsp;&nbsp;&nbsp;&nbsp;&nbsp;&nbsp;&nbsp;&nbsp;&nbsp;&nbsp;&nbsp; Peter Ilyich Tchaikovsky (arr. E. Langer)<\/p>\n\n\n\n<p><em>Miniature Overture<\/em><br><em>March<\/em><br><em>Dance of the Sugar Plum Fairy<\/em><br><em>Russian Dance, \u201cTr\u00e9pak\u201d<\/em><br><em>Arab Dance<\/em><br><em>Chinese Dance<\/em><br><em>Dance of the Reed Flutes<\/em><br><em>Waltz of the Flowers<\/em><\/p>\n\n\n\n<h1 class=\"wp-block-heading\">Biography<\/h1>\n\n\n\n<p><strong>Barbara Peterson Cackler<\/strong> was born and raised in Kansas, where she began studying the piano with her mother at the age of four.&nbsp; She received her Bachelor of Music degree from Oberlin Conservatory of Music and her Master of Music degree from Yale School of Music.&nbsp; She has done extensive private teaching, accompanying, and chamber music, and has served as music director and organist for several churches. She currently serves as Director of Music\/Organist at Central United Methodist Church in Arlington, Virginia.&nbsp; She has given solo recitals throughout the United States and the Indian Sub-Continent as well.&nbsp; She was a featured guest artist on WGMS Radio\u2019s \u201cSpotlight\u201d program.&nbsp; She has also performed with the Delhi Symphony as a piano soloist.&nbsp; Her teachers have included Miles Mauney, Olga Barabini, Donald Currier, Claude Frank, B\u00e9la B\u00f6sz\u00f6rmenyi-Nagy and Thomas Mastroianni.&nbsp; Ms. Cackler maintains an active private teaching studio and is a member of the American Guild of Organists, the Friday Morning Music Club and the MTNA.<\/p>\n\n\n\n<p>Hailed by critics for her \u201cmusical elegance and brilliant technique\u201d, pianist <strong>Rosanne Conway<\/strong> is a native of Seattle, Washington, where she performed with the Seattle Symphony at the age of 16.&nbsp; She holds Bachelor\u2019s and Master\u2019s degrees in piano performance and, as winner of the Petri Award for Foreign Study, attended the Hochschule fur Musik und Theatre in Hannover, Germany and received a diploma from the Mozarteum in Salzburg, Austria. In New York, she studied with Earl Wild at Juilliard. Ms. Conway has appeared on many local and regional concert series including Anderson House, the Arts Club of Washington, the State Department, the Luxembourg Embassy, and for the American Liszt Society Festival at the Kennedy Center.&nbsp; Ms. Conway and Santiago Rodriguez have recorded Rachmaninoff\u2019s four hand\/two piano works for the Elan label.&nbsp; Ms. Conway has also served on the faculties of Lewis and Clark College, the University of Maryland, and National Cathedral School.&nbsp; She is currently a member of the Main Street Chamber Players and maintains a teaching studio in Fairfax. VA.<\/p>\n\n\n\n<p>Please visit their website at <a href=\"http:\/\/www.doublecpianoduo.com\">www.doublecpianoduo.com<\/a><\/p>\n","protected":false},"excerpt":{"rendered":"<p>Sunday December 16, 2018 in Mclean Emerson Avenue Salons Proudly and Joyfully Presents The Double-C Piano Duo! A Program of Fun Holiday Music with Barbara Cackler and Rosanne Conway &nbsp;Piano Four-Hands PROGRAM Sleigh Ride&nbsp;&nbsp;&nbsp;&nbsp;&nbsp;&nbsp;&nbsp;&nbsp;&nbsp;&nbsp;&nbsp;&nbsp;&nbsp;&nbsp;&nbsp;&nbsp;&nbsp;&nbsp;&nbsp;&nbsp;&nbsp;&nbsp;&nbsp;&nbsp;&nbsp;&nbsp;&nbsp; &nbsp;&nbsp;&nbsp;&nbsp;&nbsp;&nbsp;&nbsp;&nbsp;&nbsp;&nbsp;&nbsp;&nbsp;&nbsp;&nbsp;&nbsp; Leroy Anderson (arr. M. Edwards) Jesu, Joy of Man\u2019s Desiring&nbsp;&nbsp;&nbsp;&nbsp;&nbsp;&nbsp;&nbsp;&nbsp;&nbsp;&nbsp;&nbsp;&nbsp;&nbsp;&nbsp; J.S. Bach (arr. L. Duck) Selections from Jeux d\u2019Enfants:&nbsp;&nbsp;&nbsp;&nbsp;&nbsp;&nbsp; Georges [&hellip;]<\/p>\n","protected":false},"author":1,"featured_media":0,"parent":189,"menu_order":0,"comment_status":"closed","ping_status":"closed","template":"","meta":{"footnotes":""},"class_list":["post-2203","page","type-page","status-publish","hentry"],"_links":{"self":[{"href":"https:\/\/emersonavenuesalons.com\/index.php?rest_route=\/wp\/v2\/pages\/2203","targetHints":{"allow":["GET"]}}],"collection":[{"href":"https:\/\/emersonavenuesalons.com\/index.php?rest_route=\/wp\/v2\/pages"}],"about":[{"href":"https:\/\/emersonavenuesalons.com\/index.php?rest_route=\/wp\/v2\/types\/page"}],"author":[{"embeddable":true,"href":"https:\/\/emersonavenuesalons.com\/index.php?rest_route=\/wp\/v2\/users\/1"}],"replies":[{"embeddable":true,"href":"https:\/\/emersonavenuesalons.com\/index.php?rest_route=%2Fwp%2Fv2%2Fcomments&post=2203"}],"version-history":[{"count":0,"href":"https:\/\/emersonavenuesalons.com\/index.php?rest_route=\/wp\/v2\/pages\/2203\/revisions"}],"up":[{"embeddable":true,"href":"https:\/\/emersonavenuesalons.com\/index.php?rest_route=\/wp\/v2\/pages\/189"}],"wp:attachment":[{"href":"https:\/\/emersonavenuesalons.com\/index.php?rest_route=%2Fwp%2Fv2%2Fmedia&parent=2203"}],"curies":[{"name":"wp","href":"https:\/\/api.w.org\/{rel}","templated":true}]}}